{"id":114,"date":"2015-11-03T20:55:23","date_gmt":"2015-03-08T13:56:54","guid":{"rendered":"http:\/\/www.sustman.pwsz.konin.edu.pl\/?page_id=114"},"modified":"2016-01-27T10:53:50","modified_gmt":"2016-01-27T09:53:50","slug":"formularze","status":"publish","type":"page","link":"https:\/\/sustman.konin.edu.pl\/?page_id=114","title":{"rendered":"Formularze rekrutacyjne"},"content":{"rendered":"<p>\n\t<span style=\"font-size:14px;\"><span style=\"color:#696969;\"><span style=\"font-family:arial,helvetica,sans-serif;\">Je\u017celi jeste\u015b zainteresowany przyst\u0105pieniem do projektu&nbsp;<strong>&bdquo;SUSTMAN &ndash; Przedsi\u0119biorczo\u015b\u0107, zr&oacute;wnowa\u017cony rozw&oacute;j i produkcja dla student&oacute;w PWSZ w Koninie&quot; <\/strong>pobierz poni\u017csze formularze<strong>, <\/strong>a po ich wype\u0142nieniu <strong>z\u0142&oacute;\u017c je w biurze projektu PWSZ<\/strong>.&nbsp;<\/span><\/span><\/span>\n<\/p>\n<ul>\n<li>\n\t\t<span style=\"font-size:14px;\"><span style=\"font-family:arial,helvetica,sans-serif;\"><strong><a href=\"http:\/\/www.sustman.pwsz.konin.edu.pl\/wp-content\/uploads\/2015\/03\/zgloszenie.pdf\">formularz zg\u0142oszenia&nbsp;<\/a><\/strong><\/span><\/span>\n\t<\/li>\n<li>\n\t\t<span style=\"font-size:14px;\"><span style=\"font-family:arial,helvetica,sans-serif;\"><strong><a href=\"http:\/\/www.sustman.pwsz.konin.edu.pl\/wp-content\/uploads\/2015\/03\/zob_uczestnictwa.pdf\">o\u015bwiadczenie o zobowi\u0105zaniu do uczestnictwa w projekcie<\/a><\/strong><\/span><\/span>\n\t<\/li>\n<li>\n\t\t<span style=\"font-size:14px;\"><span style=\"font-family:arial,helvetica,sans-serif;\"><strong><a href=\"http:\/\/www.sustman.pwsz.konin.edu.pl\/wp-content\/uploads\/2015\/03\/akcetp_regulaminu.pdf\">o\u015bwiadczenie o akceptacji regulaminu&nbsp;<\/a><\/strong><\/span><\/span>\n\t<\/li>\n<li>\n\t\t<span style=\"font-size:14px;\"><span style=\"font-family:arial,helvetica,sans-serif;\"><strong><a href=\"http:\/\/www.sustman.pwsz.konin.edu.pl\/wp-content\/uploads\/2015\/03\/bezp_danych.pdf\">o\u015bwiadczenie o wyra\u017ceniu zgody&nbsp;na przetwarzanie danych osobowych&nbsp;<\/a>&nbsp;<\/strong><\/span><\/span>\n\t<\/li>\n<\/ul>\n<p>\n\t&nbsp;\n<\/p>\n<p>\n\t&nbsp;\n<\/p>\n<p>\n\t&nbsp;\n<\/p>\n<p>\n\t&nbsp;\n<\/p>\n<p>\n\t&nbsp;\n<\/p>\n<p>\n\t&nbsp;\n<\/p>\n<p>\n\t&nbsp;\n<\/p>\n<p>\n\t&nbsp;\n<\/p>\n<p>\n\t&nbsp;\n<\/p>\n<p>\n\t&nbsp;\n<\/p>\n<p>\n\t&nbsp;\n<\/p>\n<p>\n\t&nbsp;\n<\/p>\n<p>\n\t&nbsp;\n<\/p>\n<p>\n\t&nbsp;\n<\/p>\n<p>\n\t&nbsp;\n<\/p>\n<p>\n\t&nbsp;\n<\/p>\n<p>\n\t&nbsp;<\/p>\n","protected":false},"excerpt":{"rendered":"<p>Je\u017celi jeste\u015b zainteresowany przyst\u0105pieniem do projektu&nbsp;&bdquo;SUSTMAN &ndash; Przedsi\u0119biorczo\u015b\u0107, zr&oacute;wnowa\u017cony rozw&oacute;j i produkcja dla student&oacute;w PWSZ w Koninie&quot; pobierz poni\u017csze formularze, a po ich wype\u0142nieniu z\u0142&oacute;\u017c je w biurze projektu PWSZ.&nbsp; formularz zg\u0142oszenia&nbsp; o\u015bwiadczenie o zobowi\u0105zaniu do uczestnictwa w projekcie o\u015bwiadczenie &hellip; <a class=\"more-link\" href=\"https:\/\/sustman.konin.edu.pl\/?page_id=114\">Czytaj dalej <span class=\"meta-nav\">&rarr;<\/span><\/a><\/p>\n","protected":false},"author":1,"featured_media":0,"parent":0,"menu_order":0,"comment_status":"closed","ping_status":"closed","template":"","meta":{"footnotes":""},"class_list":["post-114","page","type-page","status-publish","hentry"],"aioseo_notices":[],"_links":{"self":[{"href":"https:\/\/sustman.konin.edu.pl\/index.php?rest_route=\/wp\/v2\/pages\/114","targetHints":{"allow":["GET"]}}],"collection":[{"href":"https:\/\/sustman.konin.edu.pl\/index.php?rest_route=\/wp\/v2\/pages"}],"about":[{"href":"https:\/\/sustman.konin.edu.pl\/index.php?rest_route=\/wp\/v2\/types\/page"}],"author":[{"embeddable":true,"href":"https:\/\/sustman.konin.edu.pl\/index.php?rest_route=\/wp\/v2\/users\/1"}],"replies":[{"embeddable":true,"href":"https:\/\/sustman.konin.edu.pl\/index.php?rest_route=%2Fwp%2Fv2%2Fcomments&post=114"}],"version-history":[{"count":17,"href":"https:\/\/sustman.konin.edu.pl\/index.php?rest_route=\/wp\/v2\/pages\/114\/revisions"}],"predecessor-version":[{"id":626,"href":"https:\/\/sustman.konin.edu.pl\/index.php?rest_route=\/wp\/v2\/pages\/114\/revisions\/626"}],"wp:attachment":[{"href":"https:\/\/sustman.konin.edu.pl\/index.php?rest_route=%2Fwp%2Fv2%2Fmedia&parent=114"}],"curies":[{"name":"wp","href":"https:\/\/api.w.org\/{rel}","templated":true}]}}