{"id":116,"date":"2015-11-03T21:01:56","date_gmt":"2015-03-08T13:58:32","guid":{"rendered":"http:\/\/www.sustman.pwsz.konin.edu.pl\/?page_id=116"},"modified":"2015-10-28T21:28:25","modified_gmt":"2015-10-28T20:28:25","slug":"broszura","status":"publish","type":"page","link":"https:\/\/sustman.konin.edu.pl\/?page_id=116","title":{"rendered":"Broszura"},"content":{"rendered":"<p>\n\t<span style=\"font-size:14px;\"><span style=\"color:#696969;\"><span style=\"font-family:arial,helvetica,sans-serif;\">W poni\u017cszej broszurze znajdziesz dalsze szczeg&oacute;lowe informacje o programie&nbsp;<strong>&bdquo;SUSTMAN &ndash; Przedsi\u0119biorczo\u015b\u0107, zr&oacute;wnowa\u017cony rozw&oacute;j i produkcja dla student&oacute;w PWSZ w Koninie.<\/strong><\/span><\/span><\/span>\n<\/p>\n<p>\n\t<span style=\"font-size:14px;\"><span style=\"font-family:arial,helvetica,sans-serif;\"><strong><a href=\"http:\/\/www.sustman.pwsz.konin.edu.pl\/wp-content\/uploads\/2015\/03\/broszura.pdf\">Pobierz broszur\u0119&nbsp;<\/a>&nbsp;<\/strong><\/span><\/span>\n<\/p>\n<p>\n\t&nbsp;\n<\/p>\n<p>\n\t&nbsp;\n<\/p>\n<p>\n\t&nbsp;\n<\/p>\n<p>\n\t&nbsp;\n<\/p>\n<p>\n\t&nbsp;\n<\/p>\n<p>\n\t&nbsp;\n<\/p>\n<p>\n\t&nbsp;\n<\/p>\n<p>\n\t&nbsp;\n<\/p>\n<p>\n\t&nbsp;\n<\/p>\n<p>\n\t&nbsp;\n<\/p>\n<p>\n\t&nbsp;\n<\/p>\n<p>\n\t&nbsp;<\/p>\n","protected":false},"excerpt":{"rendered":"<p>W poni\u017cszej broszurze znajdziesz dalsze szczeg&oacute;lowe informacje o programie&nbsp;&bdquo;SUSTMAN &ndash; Przedsi\u0119biorczo\u015b\u0107, zr&oacute;wnowa\u017cony rozw&oacute;j i produkcja dla student&oacute;w PWSZ w Koninie. Pobierz broszur\u0119&nbsp;&nbsp; &nbsp; &nbsp; &nbsp; &nbsp; &nbsp; &nbsp; &nbsp; &nbsp; &nbsp; &nbsp; &nbsp; &nbsp; &hellip; <a class=\"more-link\" href=\"https:\/\/sustman.konin.edu.pl\/?page_id=116\">Czytaj dalej <span class=\"meta-nav\">&rarr;<\/span><\/a><\/p>\n","protected":false},"author":1,"featured_media":0,"parent":0,"menu_order":0,"comment_status":"closed","ping_status":"closed","template":"","meta":{"footnotes":""},"class_list":["post-116","page","type-page","status-publish","hentry"],"aioseo_notices":[],"_links":{"self":[{"href":"https:\/\/sustman.konin.edu.pl\/index.php?rest_route=\/wp\/v2\/pages\/116","targetHints":{"allow":["GET"]}}],"collection":[{"href":"https:\/\/sustman.konin.edu.pl\/index.php?rest_route=\/wp\/v2\/pages"}],"about":[{"href":"https:\/\/sustman.konin.edu.pl\/index.php?rest_route=\/wp\/v2\/types\/page"}],"author":[{"embeddable":true,"href":"https:\/\/sustman.konin.edu.pl\/index.php?rest_route=\/wp\/v2\/users\/1"}],"replies":[{"embeddable":true,"href":"https:\/\/sustman.konin.edu.pl\/index.php?rest_route=%2Fwp%2Fv2%2Fcomments&post=116"}],"version-history":[{"count":10,"href":"https:\/\/sustman.konin.edu.pl\/index.php?rest_route=\/wp\/v2\/pages\/116\/revisions"}],"predecessor-version":[{"id":417,"href":"https:\/\/sustman.konin.edu.pl\/index.php?rest_route=\/wp\/v2\/pages\/116\/revisions\/417"}],"wp:attachment":[{"href":"https:\/\/sustman.konin.edu.pl\/index.php?rest_route=%2Fwp%2Fv2%2Fmedia&parent=116"}],"curies":[{"name":"wp","href":"https:\/\/api.w.org\/{rel}","templated":true}]}}