{"id":19,"date":"2015-05-22T21:34:28","date_gmt":"2015-03-05T17:56:34","guid":{"rendered":"http:\/\/www.sustman.pwsz.konin.edu.pl\/?page_id=19"},"modified":"2015-03-12T10:27:02","modified_gmt":"2015-03-12T09:27:02","slug":"o-projekcie","status":"publish","type":"page","link":"https:\/\/sustman.konin.edu.pl\/?page_id=19","title":{"rendered":"O projekcie"},"content":{"rendered":"<div>\n<p>\n\t\t<span style=\"font-size:14px;\"><span style=\"font-family:arial,helvetica,sans-serif;\"><span style=\"color:#696969;\">Projekt&nbsp;<\/span><\/span><\/span><strong style=\"line-height: 20.7999992370605px;\">&bdquo;<\/strong><strong style=\"line-height: 20.7999992370605px;\">SUSTMAN &ndash; Przedsi\u0119biorczo\u015b\u0107, zr&oacute;wnowa\u017cony rozw&oacute;j i produkcja dla student&oacute;w PWSZ w Koninie.&rdquo; realizowanym przez PWSZ&quot;&nbsp;<\/strong><span style=\"color: rgb(105, 105, 105); font-family: arial, helvetica, sans-serif; font-size: 14px; line-height: 1.6;\">realizowany jest w ramach Funduszu Stypendialnego i Szkoleniowego, dzia\u0142anie: Rozw&oacute;j Polskich Uczelni, w okresie <\/span><strong style=\"color: rgb(105, 105, 105); font-family: arial, helvetica, sans-serif; font-size: 14px; line-height: 1.6;\">01.01.2015 &#8211; 31.05.2016. <\/strong><span style=\"color: rgb(105, 105, 105); font-family: arial, helvetica, sans-serif; font-size: 14px; line-height: 1.6;\">Polega on na przygotowaniu student&oacute;w do wej\u015bcia na rynek pracy. W tym celu zaplanowano stworzenie nowego mi\u0119dzywydzia\u0142owego modu\u0142u studi&oacute;w, kt&oacute;ry przygotuje przysz\u0142ych absolwent&oacute;w uczelni do aktywno\u015bci przedsi\u0119biorczej na europejskim rynku pracy.<\/span>\n\t<\/p>\n<p>\n\t\t<span style=\"color: rgb(105, 105, 105); font-family: arial, helvetica, sans-serif; font-size: 14px; line-height: 1.6;\">W projekcie bior\u0105 udzia\u0142 bezp\u0142atnie studenci wszystkich kierunk&oacute;w i specjalno\u015bci. Realizowany b\u0119dzie cykl szkole\u0144 obejmuj\u0105cy nast\u0119puj\u0105ce zaj\u0119cia: &bdquo;Eko-Przedsi\u0119biorczo\u015b\u0107&rdquo;, &bdquo;Umiej\u0119tno\u015bci mi\u0119kkie i komunikacja&rdquo;, &bdquo;Zr&oacute;wnowa\u017cony rozw&oacute;j, zr&oacute;wnowa\u017cone procesy produkcji i us\u0142ug&rdquo;, oraz wyjazdy studyjne i warsztaty w Polsce i Norwegii.<\/span>\n\t<\/p>\n<p>\n\t\t<span style=\"font-size:14px;\"><span style=\"font-family:arial,helvetica,sans-serif;\"><span style=\"color:#696969;\">W trakcie trwania kursu uczestnicy zdobywaj\u0105 praktyczne umiej\u0119tno\u015bci zak\u0142adania i prowadzenia w\u0142asnej firmy, s\u0105 przygotowywani do aktywno\u015bci przedsi\u0119biorczej na europejskim rynku pracy. <\/span><\/span><\/span>\n\t<\/p>\n<p>\n\t\t<span style=\"font-size:14px;\"><span style=\"font-family:arial,helvetica,sans-serif;\"><span style=\"color:#696969;\">Program przewiduje stworzenie nowego mi\u0119dzywydzia\u0142owego modu\u0142u studi&oacute;w, wa ramach kt&oacute;rego b\u0119dzie realizowany cykl szkole\u0144 (120 godzin)&nbsp;obemuj\u0105cy zaj\u0119cia z eko-przedsi\u0119biorczo\u015bci, umiej\u0119tno\u015bci mi\u0119kkich&nbsp;i komunikacji, zr&oacute;wnowa\u017conego rozwoju, zr&oacute;wnowa\u017conych proces&oacute;w produkcji i us\u0142ug oraz warsztaty w Polsce i Norwegii.&nbsp;<\/span><\/span><\/span>\n\t<\/p>\n<p>\n\t\t<span style=\"font-size:14px;\"><span style=\"font-family:arial,helvetica,sans-serif;\"><span style=\"color:#696969;\">W projekcie mog\u0105 uczestniczy\u0107 bezp\u0142atnie studenci PWSZ wszystkich kierunk&oacute;w i specjalno\u015bci.&nbsp;<\/span><\/span><\/span>\n\t<\/p>\n<p>\n\t\t<span style=\"font-size:14px;\"><span style=\"font-family:arial,helvetica,sans-serif;\"><span style=\"color:#696969;\">Po zako\u0144czeniu projektu nowy modu\u0142&nbsp; studi&oacute;w zostanie na sta\u0142e wpisany do oferty Uczelni.<\/span><\/span><\/span>\n\t<\/p>\n<\/div>\n<div>\n\t<span style=\"font-size:14px;\"><span style=\"font-family:arial,helvetica,sans-serif;\"><span style=\"color:#696969;\"><strong>Projekt wsp&oacute;\u0142finansowany jest ze \u015brodk&oacute;w funduszy norweskich i krajowych w ramach Funduszu Stypendialnego i Szkoleniowego;&nbsp;dzia\u0142anie: Rozw&oacute;j Polskich Uczelni, w okresie od 1 stycznia 2015 do 31 maja 2016. Ca\u0142kowita warto\u015b\u0107 projektu: 703 973 PLN. Kwota dofinansowania: 633 575,70 PLN, wk\u0142ad w\u0142asny: 70 397,30 PLN.&nbsp;<\/strong><\/span><\/span><\/span><br \/>\n\t&nbsp;\n<\/div>\n<div>\n\t<span style=\"font-size:14px;\"><span style=\"font-family:arial,helvetica,sans-serif;\"><span style=\"color:#696969;\">Wi\u0119cej informacji o funduszach norweskich na stronie <a href=\"http:\/\/www.norwaygrants.org\">www.norwaygrants.org<\/a>.<\/span><\/span><\/span>\n<\/div>\n","protected":false},"excerpt":{"rendered":"<p>Projekt&nbsp;&bdquo;SUSTMAN &ndash; Przedsi\u0119biorczo\u015b\u0107, zr&oacute;wnowa\u017cony rozw&oacute;j i produkcja dla student&oacute;w PWSZ w Koninie.&rdquo; realizowanym przez PWSZ&quot;&nbsp;realizowany jest w ramach Funduszu Stypendialnego i Szkoleniowego, dzia\u0142anie: Rozw&oacute;j Polskich Uczelni, w okresie 01.01.2015 &#8211; 31.05.2016. Polega on na przygotowaniu student&oacute;w do wej\u015bcia na rynek &hellip; <a class=\"more-link\" href=\"https:\/\/sustman.konin.edu.pl\/?page_id=19\">Czytaj dalej <span class=\"meta-nav\">&rarr;<\/span><\/a><\/p>\n","protected":false},"author":1,"featured_media":0,"parent":0,"menu_order":0,"comment_status":"closed","ping_status":"closed","template":"","meta":{"footnotes":""},"class_list":["post-19","page","type-page","status-publish","hentry"],"aioseo_notices":[],"_links":{"self":[{"href":"https:\/\/sustman.konin.edu.pl\/index.php?rest_route=\/wp\/v2\/pages\/19","targetHints":{"allow":["GET"]}}],"collection":[{"href":"https:\/\/sustman.konin.edu.pl\/index.php?rest_route=\/wp\/v2\/pages"}],"about":[{"href":"https:\/\/sustman.konin.edu.pl\/index.php?rest_route=\/wp\/v2\/types\/page"}],"author":[{"embeddable":true,"href":"https:\/\/sustman.konin.edu.pl\/index.php?rest_route=\/wp\/v2\/users\/1"}],"replies":[{"embeddable":true,"href":"https:\/\/sustman.konin.edu.pl\/index.php?rest_route=%2Fwp%2Fv2%2Fcomments&post=19"}],"version-history":[{"count":14,"href":"https:\/\/sustman.konin.edu.pl\/index.php?rest_route=\/wp\/v2\/pages\/19\/revisions"}],"predecessor-version":[{"id":202,"href":"https:\/\/sustman.konin.edu.pl\/index.php?rest_route=\/wp\/v2\/pages\/19\/revisions\/202"}],"wp:attachment":[{"href":"https:\/\/sustman.konin.edu.pl\/index.php?rest_route=%2Fwp%2Fv2%2Fmedia&parent=19"}],"curies":[{"name":"wp","href":"https:\/\/api.w.org\/{rel}","templated":true}]}}