{"id":304,"date":"2015-05-22T21:38:59","date_gmt":"2015-03-08T11:01:44","guid":{"rendered":"http:\/\/www.sustman.pwsz.konin.edu.pl\/?page_id=304"},"modified":"2015-11-03T21:00:52","modified_gmt":"2015-11-03T20:00:52","slug":"contact","status":"publish","type":"page","link":"https:\/\/sustman.konin.edu.pl\/?page_id=304","title":{"rendered":"Contact"},"content":{"rendered":"<p>\n\t<span style=\"font-size:14px;\"><span style=\"font-family:arial,helvetica,sans-serif;\">Project Office<br \/>\n\tPa\u0144stwowa Wy\u017csza Szko\u0142a Zawodowa<br \/>\n\tul. Przyja\u017ani 1, room 209<br \/>\n\t62-510 Konin<\/span><\/span>\n<\/p>\n<p>\n\t<span style=\"font-size:14px;\"><span style=\"font-family:arial,helvetica,sans-serif;\">Tel. 63&nbsp;249 72 58<a name=\"_GoBack\"><\/a><br \/>\n\temail:&nbsp; <a href=\"mailto:projekty.pwsz@konin.edu.pl\">projekty.pwsz@konin.edu.pl<\/a><\/span><\/span>\n<\/p>\n<p>\n\t<span style=\"font-size:14px;\">The office is open from Monday to Friday from 7:00 &ndash; 15:00.<\/span><\/p>\n","protected":false},"excerpt":{"rendered":"<p>Project Office Pa\u0144stwowa Wy\u017csza Szko\u0142a Zawodowa ul. Przyja\u017ani 1, room 209 62-510 Konin Tel. 63&nbsp;249 72 58 email:&nbsp; projekty.pwsz@konin.edu.pl The office is open from Monday to Friday from 7:00 &ndash; 15:00. &hellip; <a class=\"more-link\" href=\"https:\/\/sustman.konin.edu.pl\/?page_id=304\">Czytaj dalej <span class=\"meta-nav\">&rarr;<\/span><\/a><\/p>\n","protected":false},"author":1,"featured_media":0,"parent":0,"menu_order":0,"comment_status":"closed","ping_status":"closed","template":"","meta":{"footnotes":""},"class_list":["post-304","page","type-page","status-publish","hentry"],"aioseo_notices":[],"_links":{"self":[{"href":"https:\/\/sustman.konin.edu.pl\/index.php?rest_route=\/wp\/v2\/pages\/304","targetHints":{"allow":["GET"]}}],"collection":[{"href":"https:\/\/sustman.konin.edu.pl\/index.php?rest_route=\/wp\/v2\/pages"}],"about":[{"href":"https:\/\/sustman.konin.edu.pl\/index.php?rest_route=\/wp\/v2\/types\/page"}],"author":[{"embeddable":true,"href":"https:\/\/sustman.konin.edu.pl\/index.php?rest_route=\/wp\/v2\/users\/1"}],"replies":[{"embeddable":true,"href":"https:\/\/sustman.konin.edu.pl\/index.php?rest_route=%2Fwp%2Fv2%2Fcomments&post=304"}],"version-history":[{"count":3,"href":"https:\/\/sustman.konin.edu.pl\/index.php?rest_route=\/wp\/v2\/pages\/304\/revisions"}],"predecessor-version":[{"id":541,"href":"https:\/\/sustman.konin.edu.pl\/index.php?rest_route=\/wp\/v2\/pages\/304\/revisions\/541"}],"wp:attachment":[{"href":"https:\/\/sustman.konin.edu.pl\/index.php?rest_route=%2Fwp%2Fv2%2Fmedia&parent=304"}],"curies":[{"name":"wp","href":"https:\/\/api.w.org\/{rel}","templated":true}]}}