{"id":329,"date":"2015-08-31T09:48:39","date_gmt":"2015-08-31T07:48:39","guid":{"rendered":"http:\/\/www.sustman.pwsz.konin.edu.pl\/?page_id=329"},"modified":"2015-10-22T13:44:16","modified_gmt":"2015-10-22T11:44:16","slug":"sylabusy","status":"publish","type":"page","link":"https:\/\/sustman.konin.edu.pl\/?page_id=329","title":{"rendered":"Sylabusy"},"content":{"rendered":"<p>\n\t<span style=\"font-size:14px;\"><span style=\"font-family:arial,helvetica,sans-serif;\">Zaj\u0119cia w ramach projektu&nbsp;SUSTMAN zostan\u0105&nbsp;przeprowadzone zgodnie z poni\u017cszymi sylabusami. Prosimy o zapoznanie si\u0119&nbsp;z programem:&nbsp;&nbsp;<\/span><\/span>\n<\/p>\n<ul>\n<li>\n\t\t<span style=\"font-size:14px;\"><a href=\"http:\/\/www.sustman.pwsz.konin.edu.pl\/wp-content\/uploads\/2015\/08\/UMIEJ\u0118TNOSCI_MI\u0118KKIE.pdf\"><span style=\"font-family:arial,helvetica,sans-serif;\">Umiej\u0119tnosci mi\u0119kkie i komunikacja \/ Soft skills and communication<\/span><\/a><\/span>\n\t<\/li>\n<li>\n\t\t<span style=\"font-size:14px;\"><a href=\"http:\/\/www.sustman.pwsz.konin.edu.pl\/wp-content\/uploads\/2015\/08\/zrownowazony_rozwoj.pdf\"><span style=\"font-family:arial,helvetica,sans-serif;\">Zr&oacute;wnowa\u017cony rozw&oacute;j, zr&oacute;wnowa\u017cone procesy produkcji i us\u0142ug \/ Sustainable development, sustainable production&nbsp;and service<\/span><\/a><\/span>\n\t<\/li>\n<li>\n\t\t<span style=\"font-size:14px;\"><a href=\"http:\/\/www.sustman.pwsz.konin.edu.pl\/wp-content\/uploads\/2015\/08\/EKO-PRZEDSI\u0118BIORCZO\u015a\u0106.pdf\"><span style=\"font-family:arial,helvetica,sans-serif;\">Eko-przedsi\u0119biorczo\u015b\u0107<\/span><\/a>&nbsp;\/ <a href=\"http:\/\/www.sustman.pwsz.konin.edu.pl\/wp-content\/uploads\/2015\/10\/sylabus_ECO_ENTREPRENEURSHIP.pdf\">Eco-entrepreneurship<\/a><\/span>\n\t<\/li>\n<\/ul>\n<p>\n\t&nbsp;\n<\/p>\n<p>\n\t&nbsp;\n<\/p>\n<p>\n\t&nbsp;\n<\/p>\n<p>\n\t&nbsp;\n<\/p>\n<p>\n\t&nbsp;\n<\/p>\n<p>\n\t&nbsp;\n<\/p>\n<p>\n\t&nbsp;\n<\/p>\n<p>\n\t&nbsp;\n<\/p>\n<p>\n\t&nbsp;\n<\/p>\n<p>\n\t&nbsp;\n<\/p>\n<p>\n\t&nbsp;<\/p>\n","protected":false},"excerpt":{"rendered":"<p>Zaj\u0119cia w ramach projektu&nbsp;SUSTMAN zostan\u0105&nbsp;przeprowadzone zgodnie z poni\u017cszymi sylabusami. Prosimy o zapoznanie si\u0119&nbsp;z programem:&nbsp;&nbsp; Umiej\u0119tnosci mi\u0119kkie i komunikacja \/ Soft skills and communication Zr&oacute;wnowa\u017cony rozw&oacute;j, zr&oacute;wnowa\u017cone procesy produkcji i us\u0142ug \/ Sustainable development, sustainable production&nbsp;and service Eko-przedsi\u0119biorczo\u015b\u0107&nbsp;\/ Eco-entrepreneurship &nbsp; &nbsp; &hellip; <a class=\"more-link\" href=\"https:\/\/sustman.konin.edu.pl\/?page_id=329\">Czytaj dalej <span class=\"meta-nav\">&rarr;<\/span><\/a><\/p>\n","protected":false},"author":1,"featured_media":0,"parent":0,"menu_order":0,"comment_status":"closed","ping_status":"closed","template":"","meta":{"footnotes":""},"class_list":["post-329","page","type-page","status-publish","hentry"],"aioseo_notices":[],"_links":{"self":[{"href":"https:\/\/sustman.konin.edu.pl\/index.php?rest_route=\/wp\/v2\/pages\/329","targetHints":{"allow":["GET"]}}],"collection":[{"href":"https:\/\/sustman.konin.edu.pl\/index.php?rest_route=\/wp\/v2\/pages"}],"about":[{"href":"https:\/\/sustman.konin.edu.pl\/index.php?rest_route=\/wp\/v2\/types\/page"}],"author":[{"embeddable":true,"href":"https:\/\/sustman.konin.edu.pl\/index.php?rest_route=\/wp\/v2\/users\/1"}],"replies":[{"embeddable":true,"href":"https:\/\/sustman.konin.edu.pl\/index.php?rest_route=%2Fwp%2Fv2%2Fcomments&post=329"}],"version-history":[{"count":11,"href":"https:\/\/sustman.konin.edu.pl\/index.php?rest_route=\/wp\/v2\/pages\/329\/revisions"}],"predecessor-version":[{"id":412,"href":"https:\/\/sustman.konin.edu.pl\/index.php?rest_route=\/wp\/v2\/pages\/329\/revisions\/412"}],"wp:attachment":[{"href":"https:\/\/sustman.konin.edu.pl\/index.php?rest_route=%2Fwp%2Fv2%2Fmedia&parent=329"}],"curies":[{"name":"wp","href":"https:\/\/api.w.org\/{rel}","templated":true}]}}