{"id":388,"date":"2015-10-17T21:44:05","date_gmt":"2015-10-17T19:44:05","guid":{"rendered":"http:\/\/www.sustman.pwsz.konin.edu.pl\/?page_id=388"},"modified":"2016-04-28T20:43:27","modified_gmt":"2016-04-28T18:43:27","slug":"grupy-zajeciowe","status":"publish","type":"page","link":"https:\/\/sustman.konin.edu.pl\/?page_id=388","title":{"rendered":"Grupy zaj\u0119ciowe"},"content":{"rendered":"<p style=\"text-align: center;\">\n\t<strong><u>GRUPY ZAJ\u0118CIOWE<\/u><\/strong><br \/>\n\t<strong><u>PROJEKT&nbsp; SUSTMAN (II EDYCJA)&nbsp; SEMESTR &nbsp;LETNI&nbsp;2015\/2016<\/u><\/strong>\n<\/p>\n<p style=\"text-align: center;\">\n\t<strong>&ndash; aktualizacja 26.02.2016 &ndash;&nbsp;<\/strong>\n<\/p>\n<p>\n\t&nbsp;\n<\/p>\n<p>\n\t<strong>GRUPA 1<\/strong>\n<\/p>\n<ol>\n<li>\n\t\tDZIUBCZY\u0143SKA ALEKSANDRA\n\t<\/li>\n<li>\n\t\tFIC DOMINIKA&nbsp;&nbsp;&nbsp;&nbsp;&nbsp;&nbsp;&nbsp;&nbsp;&nbsp;&nbsp;&nbsp;&nbsp;&nbsp;&nbsp;&nbsp;&nbsp;&nbsp;&nbsp;&nbsp;&nbsp;&nbsp;&nbsp;&nbsp;&nbsp;&nbsp;&nbsp;&nbsp;&nbsp;&nbsp;&nbsp;&nbsp;&nbsp;\n\t<\/li>\n<li>\n\t\tGAJEWSKA M<a name=\"_GoBack\"><\/a>ONIKA&nbsp;&nbsp;&nbsp;&nbsp;&nbsp;&nbsp;&nbsp;&nbsp;&nbsp;&nbsp;&nbsp;&nbsp;&nbsp;&nbsp;&nbsp;&nbsp;&nbsp;&nbsp;&nbsp;&nbsp;\n\t<\/li>\n<li>\n\t\tGASZA ANNA &nbsp;&nbsp;&nbsp;&nbsp;&nbsp;&nbsp;&nbsp;&nbsp;&nbsp;&nbsp;&nbsp;&nbsp;&nbsp;&nbsp;&nbsp;&nbsp;&nbsp;&nbsp;&nbsp;&nbsp;&nbsp;&nbsp;&nbsp;&nbsp;&nbsp;&nbsp;&nbsp;&nbsp;&nbsp;&nbsp;&nbsp;&nbsp;&nbsp;\n\t<\/li>\n<li>\n\t\tG&Oacute;RSKA WIKTORIA&nbsp;&nbsp;&nbsp;&nbsp;&nbsp;&nbsp;&nbsp;&nbsp;&nbsp;&nbsp;&nbsp;&nbsp;&nbsp;&nbsp;&nbsp;&nbsp;&nbsp;&nbsp;&nbsp;&nbsp;&nbsp;&nbsp;\n\t<\/li>\n<li>\n\t\tHEJNA ROBERT&nbsp;&nbsp;&nbsp;&nbsp;&nbsp;&nbsp;&nbsp;&nbsp;&nbsp;&nbsp;&nbsp;&nbsp;&nbsp;&nbsp;&nbsp;&nbsp;&nbsp;&nbsp;&nbsp;&nbsp;&nbsp;&nbsp;&nbsp;&nbsp;&nbsp;&nbsp;&nbsp;&nbsp;&nbsp;&nbsp;&nbsp;\n\t<\/li>\n<li>\n\t\tJACOLIK OLGA&nbsp;&nbsp;&nbsp;&nbsp;&nbsp;&nbsp;&nbsp;&nbsp;&nbsp;&nbsp;&nbsp;&nbsp;&nbsp;&nbsp;&nbsp;&nbsp;&nbsp;&nbsp;&nbsp;&nbsp;&nbsp;&nbsp;&nbsp;&nbsp;&nbsp;&nbsp;&nbsp;&nbsp;&nbsp;&nbsp;&nbsp;&nbsp;\n\t<\/li>\n<li>\n\t\tKAPU\u015aCI\u0143SKA WERONIKA&nbsp;&nbsp;&nbsp;&nbsp;&nbsp;&nbsp;&nbsp;&nbsp;\n\t<\/li>\n<li>\n\t\tKOZ\u0141OWSKA PATRYCJA&nbsp;&nbsp;&nbsp;&nbsp;&nbsp;&nbsp;&nbsp;&nbsp;&nbsp;&nbsp;&nbsp;&nbsp;&nbsp;&nbsp;&nbsp;&nbsp;&nbsp;&nbsp;&nbsp;&nbsp;&nbsp;&nbsp;&nbsp;&nbsp;&nbsp;&nbsp;&nbsp;&nbsp;&nbsp;&nbsp;\n\t<\/li>\n<li>\n\t\tKRZY\u017bAK MARTA&nbsp;&nbsp;&nbsp;&nbsp;&nbsp;&nbsp;&nbsp;&nbsp;&nbsp;&nbsp;&nbsp;&nbsp;&nbsp;&nbsp;&nbsp;&nbsp;&nbsp;&nbsp;&nbsp;&nbsp;&nbsp;&nbsp;&nbsp;&nbsp;&nbsp;&nbsp;&nbsp;\n\t<\/li>\n<li>\n\t\tKUJAWA DOMINIKA&nbsp;&nbsp;&nbsp;&nbsp;&nbsp;&nbsp;&nbsp;&nbsp;&nbsp;&nbsp;&nbsp;&nbsp;&nbsp;&nbsp;&nbsp;&nbsp;&nbsp;&nbsp;&nbsp;&nbsp;\n\t<\/li>\n<li>\n\t\tKUSIO\u0141EK ALICJA\n\t<\/li>\n<li>\n\t\tKONSTANCIAK ILONA\n\t<\/li>\n<li>\n\t\tMACIEJEWSKA MONIKA&nbsp;&nbsp;&nbsp;&nbsp;&nbsp;&nbsp;&nbsp;&nbsp;&nbsp;&nbsp;&nbsp;&nbsp;&nbsp;\n\t<\/li>\n<li>\n\t\tMA\u0141OLEPSZA LILIANA&nbsp;&nbsp;&nbsp;&nbsp;&nbsp;&nbsp;&nbsp;&nbsp;&nbsp;&nbsp;&nbsp;&nbsp;&nbsp;&nbsp;&nbsp;&nbsp;&nbsp;\n\t<\/li>\n<li>\n\t\tNEJMAN PATRYK&nbsp;&nbsp;&nbsp;&nbsp;&nbsp;&nbsp;&nbsp;&nbsp;&nbsp;&nbsp;&nbsp;&nbsp;&nbsp;&nbsp;&nbsp;&nbsp;&nbsp;&nbsp;&nbsp;&nbsp;&nbsp;&nbsp;&nbsp;&nbsp;&nbsp;&nbsp;&nbsp;\n\t<\/li>\n<li>\n\t\tPARECKA SYLWIA\n\t<\/li>\n<li>\n\t\tPUSZKAREK WERONIKA\n\t<\/li>\n<li>\n\t\tSTASZAK PATRYCJA&nbsp;&nbsp;&nbsp;&nbsp;&nbsp;&nbsp;&nbsp;&nbsp;&nbsp;&nbsp;&nbsp;&nbsp;&nbsp;&nbsp;&nbsp;&nbsp;&nbsp;&nbsp;&nbsp;&nbsp;&nbsp;&nbsp;\n\t<\/li>\n<li>\n\t\t\u015aWIERCZY\u0143SKA PATRYCJA&nbsp;&nbsp;&nbsp;&nbsp;&nbsp;&nbsp;&nbsp;&nbsp;&nbsp;\n\t<\/li>\n<li>\n\t\tTRZECIAK WERONIKA&nbsp;&nbsp;&nbsp;&nbsp;&nbsp;&nbsp;&nbsp;&nbsp;&nbsp;&nbsp;&nbsp;&nbsp;&nbsp;&nbsp;&nbsp;&nbsp;&nbsp;&nbsp;\n\t<\/li>\n<li>\n\t\tZIELI\u0143SKA WERONIKA&nbsp;&nbsp; &nbsp; &nbsp;\n\t<\/li>\n<\/ol>\n<p>\n\t<strong>GRUPA 2<\/strong>\n<\/p>\n<ol>\n<li>\n\t\tBILSKA AGATA&nbsp;&nbsp;&nbsp;&nbsp;&nbsp;&nbsp;&nbsp;&nbsp;&nbsp;&nbsp;&nbsp;&nbsp;&nbsp;&nbsp;&nbsp;&nbsp;&nbsp;&nbsp;&nbsp;&nbsp;&nbsp;&nbsp;&nbsp;&nbsp;&nbsp;&nbsp;&nbsp;&nbsp;&nbsp;&nbsp;&nbsp;&nbsp;\n\t<\/li>\n<li>\n\t\tBONICKA MARTA&nbsp;&nbsp;&nbsp;&nbsp;&nbsp;&nbsp;&nbsp;&nbsp;&nbsp;&nbsp;&nbsp;&nbsp;&nbsp;&nbsp;&nbsp;&nbsp;&nbsp;&nbsp;&nbsp;&nbsp;&nbsp;&nbsp;&nbsp;&nbsp;&nbsp;&nbsp;\n\t<\/li>\n<li>\n\t\tGRZELAK AND\u017bELIKA&nbsp;&nbsp;&nbsp;&nbsp;&nbsp;&nbsp;&nbsp;&nbsp;&nbsp;&nbsp;&nbsp;&nbsp;&nbsp;&nbsp;&nbsp;&nbsp;&nbsp;&nbsp;&nbsp;\n\t<\/li>\n<li>\n\t\tJAKUBOWSKA KINGA&nbsp;&nbsp;&nbsp;&nbsp;&nbsp;&nbsp;&nbsp;&nbsp;&nbsp;&nbsp;&nbsp;&nbsp;&nbsp;&nbsp;&nbsp;&nbsp;&nbsp;&nbsp;\n\t<\/li>\n<li>\n\t\tKA\u0141U\u017bNA WERONIKA\n\t<\/li>\n<li>\n\t\tKOCIO\u0141EK ALICJA\n\t<\/li>\n<li>\n\t\tKUJAWI\u0143SKI ADAM&nbsp;&nbsp;&nbsp;&nbsp;&nbsp;&nbsp;&nbsp;&nbsp;&nbsp;&nbsp;&nbsp;&nbsp;&nbsp;&nbsp;&nbsp;&nbsp;&nbsp;&nbsp;&nbsp;&nbsp;&nbsp;\n\t<\/li>\n<li>\n\t\tLEWANDOWSKA AGATA&nbsp;&nbsp;&nbsp;&nbsp;&nbsp;&nbsp;&nbsp;&nbsp;&nbsp;&nbsp;&nbsp;&nbsp;\n\t<\/li>\n<li>\n\t\t\u0141APOT KINGA\n\t<\/li>\n<li>\n\t\t\u0141UKASIK AGNIESZKA&nbsp;&nbsp;&nbsp;&nbsp;\n\t<\/li>\n<li>\n\t\tPAWLAK ADRIAN&nbsp;&nbsp;&nbsp;&nbsp;&nbsp;&nbsp;&nbsp;&nbsp;&nbsp;&nbsp;&nbsp;&nbsp;&nbsp;&nbsp;&nbsp;&nbsp;&nbsp;&nbsp;&nbsp;&nbsp;&nbsp;&nbsp;&nbsp;&nbsp;&nbsp;&nbsp;&nbsp;\n\t<\/li>\n<li>\n\t\tPIECHOCKA PAULINA&nbsp;&nbsp;&nbsp;&nbsp;&nbsp;&nbsp;&nbsp;&nbsp;&nbsp;&nbsp;&nbsp;&nbsp;&nbsp;&nbsp;&nbsp;&nbsp;&nbsp;&nbsp;\n\t<\/li>\n<li>\n\t\tPOWAGA PATRYCJA&nbsp;&nbsp;&nbsp;&nbsp;&nbsp;&nbsp;&nbsp;&nbsp;&nbsp;&nbsp;&nbsp;&nbsp;&nbsp;&nbsp;&nbsp;&nbsp;&nbsp;&nbsp;&nbsp;&nbsp;&nbsp;\n\t<\/li>\n<li>\n\t\tROSI\u0143SKA ARLETA&nbsp;&nbsp;&nbsp;&nbsp;&nbsp;&nbsp;&nbsp;&nbsp;&nbsp;&nbsp;&nbsp;&nbsp;&nbsp;&nbsp;&nbsp;&nbsp;&nbsp;&nbsp;&nbsp;&nbsp;&nbsp;&nbsp;&nbsp;&nbsp;\n\t<\/li>\n<li>\n\t\tSIWI\u0143SKA ALEKSANDRA&nbsp;&nbsp;&nbsp;&nbsp;&nbsp;&nbsp;&nbsp;&nbsp;&nbsp;&nbsp;&nbsp;&nbsp;&nbsp;\n\t<\/li>\n<li>\n\t\tRUTKOWSKA PAULINA&nbsp;&nbsp;&nbsp;&nbsp;&nbsp;&nbsp;&nbsp;&nbsp;&nbsp;&nbsp;&nbsp;&nbsp;&nbsp;&nbsp;&nbsp;\n\t<\/li>\n<li>\n\t\tWOJCIECHOWSKI MATEUSZ&nbsp;&nbsp;&nbsp;&nbsp;&nbsp;\n\t<\/li>\n<li>\n\t\tZWIERZCHOWSKA KATARZYNA&nbsp; &nbsp; &nbsp; &nbsp; &nbsp; &nbsp; &nbsp;\n\t<\/li>\n<\/ol>\n<p>\n\t<strong>GRUPA 3<\/strong>\n<\/p>\n<ol>\n<li>\n\t\tANDRZEJEWSKI KRYSTIAN&nbsp;&nbsp;&nbsp;&nbsp;&nbsp;&nbsp;&nbsp;&nbsp;&nbsp;\n\t<\/li>\n<li>\n\t\tBIA\u0141AS ANDRZEJ&nbsp;&nbsp;&nbsp;&nbsp;&nbsp;&nbsp;&nbsp;&nbsp;&nbsp;&nbsp;&nbsp;&nbsp;&nbsp;&nbsp;&nbsp;&nbsp;&nbsp;&nbsp;&nbsp;&nbsp;&nbsp;&nbsp;&nbsp;&nbsp;&nbsp;&nbsp;&nbsp;&nbsp;\n\t<\/li>\n<li>\n\t\tBINIEWICZ FILIP&nbsp;&nbsp;&nbsp;&nbsp;&nbsp;&nbsp;&nbsp;&nbsp;&nbsp;&nbsp;&nbsp;&nbsp;&nbsp;&nbsp;&nbsp;&nbsp;&nbsp;&nbsp;&nbsp;&nbsp;&nbsp;&nbsp;&nbsp;&nbsp;&nbsp;&nbsp;&nbsp;&nbsp;&nbsp;\n\t<\/li>\n<li>\n\t\tKA\u0179MIERCZAK WERONIKA &nbsp;&nbsp;&nbsp;&nbsp;&nbsp;&nbsp;&nbsp;&nbsp;&nbsp;&nbsp;&nbsp;&nbsp;&nbsp;&nbsp;&nbsp;&nbsp;&nbsp;&nbsp;&nbsp;&nbsp;&nbsp;&nbsp;&nbsp;&nbsp;&nbsp;&nbsp;&nbsp;&nbsp;&nbsp;&nbsp;&nbsp;&nbsp;&nbsp;&nbsp;&nbsp;&nbsp;&nbsp;&nbsp;&nbsp;&nbsp;&nbsp;&nbsp;&nbsp;&nbsp;&nbsp;&nbsp;&nbsp;&nbsp;&nbsp;&nbsp;&nbsp;&nbsp;&nbsp;&nbsp;&nbsp;&nbsp;&nbsp;&nbsp;&nbsp;&nbsp;&nbsp;&nbsp;&nbsp;&nbsp;&nbsp;&nbsp;&nbsp;&nbsp;&nbsp;&nbsp;\n\t<\/li>\n<li>\n\t\tMACIEJEWSKA KLAUDIA&nbsp;&nbsp;&nbsp;&nbsp;&nbsp;&nbsp;&nbsp;&nbsp;&nbsp;&nbsp;&nbsp;&nbsp;\n\t<\/li>\n<li>\n\t\tOSOWICZ JAKUB &nbsp;&nbsp;&nbsp;&nbsp;&nbsp;&nbsp;&nbsp;&nbsp;&nbsp;&nbsp;&nbsp;&nbsp;&nbsp;&nbsp;&nbsp;&nbsp;&nbsp;&nbsp;&nbsp;&nbsp;&nbsp;&nbsp;&nbsp;&nbsp;&nbsp;&nbsp;&nbsp;\n\t<\/li>\n<li>\n\t\tPAWLACZYK MARTA &nbsp;&nbsp;&nbsp;&nbsp;&nbsp;&nbsp;&nbsp;&nbsp;&nbsp;&nbsp;&nbsp;&nbsp;&nbsp;&nbsp;&nbsp;&nbsp;&nbsp;&nbsp;&nbsp;\n\t<\/li>\n<li>\n\t\tPAW\u0141OWSKI ADRIAN &nbsp;&nbsp;&nbsp;&nbsp;&nbsp;&nbsp;&nbsp;&nbsp;&nbsp;&nbsp;&nbsp;&nbsp;&nbsp;&nbsp;&nbsp;&nbsp;&nbsp;\n\t<\/li>\n<li>\n\t\tP\u0118CHERZEWSKA JOANNA&nbsp;&nbsp;&nbsp;&nbsp;&nbsp;&nbsp;&nbsp;&nbsp;&nbsp;&nbsp;\n\t<\/li>\n<li>\n\t\tPOMYKA\u0141A ADRIAN &nbsp;&nbsp;&nbsp;&nbsp;&nbsp;&nbsp;&nbsp;&nbsp;&nbsp;&nbsp;&nbsp;&nbsp;&nbsp;&nbsp;&nbsp;&nbsp;&nbsp;&nbsp;&nbsp;&nbsp; &nbsp;\n\t<\/li>\n<li>\n\t\tSTANIS\u0141AWSKA LUDWIKA&nbsp;&nbsp;&nbsp;&nbsp;&nbsp;&nbsp;&nbsp;&nbsp;&nbsp;\n\t<\/li>\n<li>\n\t\tTAMBORSKA DARIA&nbsp;&nbsp;&nbsp;&nbsp;&nbsp;&nbsp;&nbsp;&nbsp;&nbsp;&nbsp;&nbsp;&nbsp;&nbsp;&nbsp;&nbsp;&nbsp;&nbsp;&nbsp;&nbsp;&nbsp;&nbsp;\n\t<\/li>\n<li>\n\t\tTOPOLSKA MARGERITA&nbsp; &nbsp;\n\t<\/li>\n<\/ol>\n<p>\n\t<strong>GRUPA 4<\/strong>\n<\/p>\n<ol>\n<li>\n\t\tBUKOWIECKA MONIKA&nbsp;&nbsp;&nbsp;&nbsp;&nbsp;&nbsp;&nbsp;&nbsp;&nbsp;&nbsp;&nbsp;&nbsp;&nbsp;&nbsp;&nbsp;&nbsp;&nbsp;&nbsp;&nbsp;&nbsp;&nbsp;&nbsp;&nbsp;&nbsp;&nbsp;&nbsp;&nbsp;&nbsp;&nbsp;&nbsp;\n\t<\/li>\n<li>\n\t\tGRABARCZYK MARCIN&nbsp;&nbsp;&nbsp;&nbsp;&nbsp;&nbsp;&nbsp;&nbsp;&nbsp;&nbsp;&nbsp;&nbsp;&nbsp;&nbsp;&nbsp;&nbsp;\n\t<\/li>\n<li>\n\t\tGRAMERA OSKAR&nbsp;&nbsp;&nbsp;&nbsp;&nbsp;&nbsp;&nbsp;&nbsp;&nbsp;&nbsp;&nbsp;&nbsp;&nbsp;&nbsp;&nbsp;&nbsp;&nbsp;&nbsp;&nbsp;&nbsp;&nbsp;&nbsp;&nbsp;&nbsp;&nbsp;\n\t<\/li>\n<li>\n\t\tG&Oacute;RSKA PATRYCJA &nbsp;&nbsp;&nbsp;&nbsp;&nbsp;&nbsp;&nbsp;&nbsp;&nbsp;&nbsp;&nbsp;&nbsp;&nbsp;&nbsp;&nbsp;&nbsp;&nbsp;&nbsp;&nbsp;&nbsp;&nbsp;&nbsp; &nbsp;\n\t<\/li>\n<li>\n\t\tGU\u0179NICZAK NIKOLA&nbsp;&nbsp;&nbsp;&nbsp;&nbsp;&nbsp;&nbsp;&nbsp;&nbsp;&nbsp;&nbsp;&nbsp;&nbsp;&nbsp;&nbsp;&nbsp;&nbsp;&nbsp;&nbsp;&nbsp;&nbsp;\n\t<\/li>\n<li>\n\t\tJ&Oacute;\u0179WIK TRISTAN &nbsp;&nbsp;&nbsp;&nbsp;&nbsp;&nbsp;&nbsp;&nbsp;&nbsp;&nbsp;&nbsp;&nbsp;&nbsp;&nbsp;&nbsp;&nbsp;&nbsp;&nbsp;&nbsp;&nbsp;&nbsp;&nbsp;&nbsp;&nbsp;&nbsp;&nbsp;&nbsp;\n\t<\/li>\n<li>\n\t\tLEWANDOWSKA KAMILA &nbsp;&nbsp;&nbsp;&nbsp;&nbsp;&nbsp;&nbsp;&nbsp;&nbsp;&nbsp;\n\t<\/li>\n<li>\n\t\tMALANT MARTA &nbsp;&nbsp;&nbsp;&nbsp;&nbsp;&nbsp;&nbsp;&nbsp;&nbsp;&nbsp;&nbsp;&nbsp;&nbsp;&nbsp;&nbsp;&nbsp;&nbsp;&nbsp;&nbsp;&nbsp;&nbsp;&nbsp;&nbsp;&nbsp;&nbsp;&nbsp;\n\t<\/li>\n<li>\n\t\tMIKO\u0141AJCZAK ADAM&nbsp;&nbsp;&nbsp;&nbsp;&nbsp;&nbsp;&nbsp;&nbsp;&nbsp;&nbsp;&nbsp;&nbsp;&nbsp;&nbsp;&nbsp;&nbsp;&nbsp;&nbsp;\n\t<\/li>\n<li>\n\t\tMARTSYNIUK MYKHAILO &nbsp;&nbsp;&nbsp;&nbsp;&nbsp;&nbsp;&nbsp;&nbsp;&nbsp;&nbsp;\n\t<\/li>\n<li>\n\t\tPOKRANT ANNA&nbsp;&nbsp;&nbsp;&nbsp;&nbsp;&nbsp;&nbsp;&nbsp;&nbsp;&nbsp;&nbsp;&nbsp;&nbsp;&nbsp;&nbsp;&nbsp;&nbsp;&nbsp;&nbsp;&nbsp;&nbsp;&nbsp;&nbsp;&nbsp;&nbsp;&nbsp;&nbsp;&nbsp;\n\t<\/li>\n<li>\n\t\tPRYMUS JAKUB &nbsp;&nbsp;&nbsp;&nbsp;&nbsp;&nbsp;&nbsp;&nbsp;&nbsp;&nbsp;&nbsp;&nbsp;&nbsp;&nbsp;&nbsp;&nbsp;&nbsp;&nbsp;&nbsp;&nbsp;&nbsp;&nbsp;&nbsp;&nbsp;&nbsp;&nbsp;&nbsp;&nbsp;&nbsp;\n\t<\/li>\n<li>\n\t\tROBAK MAREK &nbsp;&nbsp;&nbsp;&nbsp;&nbsp;&nbsp;&nbsp;&nbsp;&nbsp;&nbsp;&nbsp;&nbsp;&nbsp;&nbsp;&nbsp;&nbsp;&nbsp;&nbsp;&nbsp;&nbsp;&nbsp;&nbsp;&nbsp;&nbsp;&nbsp;&nbsp;&nbsp;&nbsp;&nbsp;&nbsp;&nbsp;&nbsp;&nbsp;&nbsp;&nbsp;&nbsp;&nbsp;&nbsp;&nbsp;&nbsp;&nbsp;&nbsp;&nbsp;&nbsp;&nbsp;&nbsp;\n\t<\/li>\n<li>\n\t\tWAJNERT KRZYSZTOF&nbsp;&nbsp;&nbsp;&nbsp;&nbsp;&nbsp;&nbsp;&nbsp;&nbsp;&nbsp;&nbsp;&nbsp;&nbsp;&nbsp;&nbsp;&nbsp;&nbsp;&nbsp;\n\t<\/li>\n<li>\n\t\tWILI\u0143SKA NATALIA &nbsp;&nbsp;&nbsp;&nbsp;&nbsp;&nbsp;&nbsp;&nbsp;&nbsp;&nbsp;&nbsp;&nbsp;&nbsp;&nbsp;&nbsp;&nbsp;&nbsp;&nbsp;&nbsp;&nbsp;&nbsp;\n\t<\/li>\n<li>\n\t\tZIELEWSKI KRZYSZTOF &nbsp;&nbsp;&nbsp;&nbsp;&nbsp;&nbsp;&nbsp;&nbsp;&nbsp;&nbsp;&nbsp;&nbsp;&nbsp;&nbsp;&nbsp;&nbsp;\n\t<\/li>\n<li>\n\t\tZIELI\u0143SKA TERESA&nbsp;&nbsp;&nbsp;&nbsp;&nbsp;&nbsp;&nbsp;&nbsp;&nbsp;&nbsp;&nbsp;&nbsp;&nbsp;&nbsp;&nbsp;&nbsp;&nbsp;&nbsp;&nbsp;&nbsp;&nbsp;&nbsp;&nbsp;&nbsp;&nbsp;\n\t<\/li>\n<li>\n\t\tZIELI\u0143SKI DAWID&nbsp;&nbsp;&nbsp;&nbsp;&nbsp;&nbsp;&nbsp;&nbsp;&nbsp;&nbsp;&nbsp;&nbsp;&nbsp;&nbsp;&nbsp;&nbsp;&nbsp;&nbsp;&nbsp;&nbsp;&nbsp;&nbsp;&nbsp;&nbsp;&nbsp;&nbsp;&nbsp;\n\t<\/li>\n<\/ol>\n<p align=\"center\">\n\t&nbsp;\n<\/p>\n<p align=\"center\">\n\t<strong><u>GRUPY ZAJ\u0118CIOWE<\/u><\/strong><br \/>\n\t<strong><u>PROJEKT&nbsp; SUSTMAN (I EDYCJA)&nbsp; SEMESTR&nbsp; ZIMOWY 2015\/2016<\/u><\/strong>\n<\/p>\n<p>\n\t<strong><u>I grupa<\/u><\/strong>\n<\/p>\n<ol>\n<li>\n\t\tANDRZEJEWSKA PAULINA\n\t<\/li>\n<li>\n\t\tBOROWSKA ALEKSANDRA\n\t<\/li>\n<li>\n\t\tBRZU\u015aKIEWICZ PATRYCJA\n\t<\/li>\n<li>\n\t\tCZECHOWSKA DARIA\n\t<\/li>\n<li>\n\t\tGLINIEWICZ KAROLINA\n\t<\/li>\n<li>\n\t\tKAPTURSKA ALICJA\n\t<\/li>\n<li>\n\t\tKUBIACZYK KLAUDIA\n\t<\/li>\n<li>\n\t\tKUBIAK BEATA\n\t<\/li>\n<li>\n\t\tKO\u0141ATA KINGA\n\t<\/li>\n<li>\n\t\tKO\u0141ATA ROKSANA\n\t<\/li>\n<li>\n\t\tLEWANDOWSKA ALEKSANDRA\n\t<\/li>\n<li>\n\t\tMAJEWSKI DARIUSZ\n\t<\/li>\n<li>\n\t\tMICHALSKI ARTUR\n\t<\/li>\n<li>\n\t\tP&Oacute;\u0141ROLNICZAK MARITA\n\t<\/li>\n<li>\n\t\tWOJEWODA&nbsp; ARLETA\n\t<\/li>\n<\/ol>\n<p>\n\t<strong><u>II grupa <\/u><\/strong>&nbsp;\n<\/p>\n<ol>\n<li>\n\t\tBACHOROWICZ JAKUB\n\t<\/li>\n<li>\n\t\tBARANIECKA ANNA (BACHEROWICZ)\n\t<\/li>\n<li>\n\t\tBARTCZAK AGATA\n\t<\/li>\n<li>\n\t\tDR\u0104\u017bKOWSKI MATEUSZ\n\t<\/li>\n<li>\n\t\tGW&Oacute;\u0179D\u0179 MARCIN\n\t<\/li>\n<li>\n\t\tKACZMAREK MAGDALENA\n\t<\/li>\n<li>\n\t\tKUJAWKA DOMINIKA\n\t<\/li>\n<li>\n\t\tMICHALSKI MATEUSZ\n\t<\/li>\n<li>\n\t\tOBLIZAJEK&nbsp; DOMINIKA\n\t<\/li>\n<li>\n\t\tPODRZYCKA WIOLETA\n\t<\/li>\n<li>\n\t\tRADNA EWA\n\t<\/li>\n<li>\n\t\tSIKORSKA ANNA\n\t<\/li>\n<li>\n\t\tSOBCZAK MONIKA\n\t<\/li>\n<li>\n\t\tSZABELSKA PAULINA\n\t<\/li>\n<li>\n\t\tSZKUDLAREK \u0141UKASZ\n\t<\/li>\n<li>\n\t\tWAWRZYNIAK ADRIAN\n\t<\/li>\n<\/ol>\n<p>\n\t<strong><u>III grupa <\/u><\/strong>\n<\/p>\n<ol>\n<li>\n\t\tADAMUS KRYSTIAN\n\t<\/li>\n<li>\n\t\tBAKALARSKI DAWID\n\t<\/li>\n<li>\n\t\tCHWA\u015aCI\u0143SKI KRYSTIAN\n\t<\/li>\n<li>\n\t\tKINALSKA ALEKSANDRA\n\t<\/li>\n<li>\n\t\tKO\u0141ODZIEJEK AGNIESZKA\n\t<\/li>\n<li>\n\t\tM\u0104CZKA SEBASTIAN\n\t<\/li>\n<li>\n\t\tROSZAK PAULINA\n\t<\/li>\n<li>\n\t\tSTRUGLI\u0143SKA IZABELA\n\t<\/li>\n<li>\n\t\tSZCZEPANIAK MAGDALENA\n\t<\/li>\n<li>\n\t\tSZCZEPA\u0143SKI HUBERT\n\t<\/li>\n<li>\n\t\tSZUSTAKOWSKA MAGDALENIA\n\t<\/li>\n<li>\n\t\tSZUSTAKOWSKA MARLENA\n\t<\/li>\n<li>\n\t\tSZYMA\u0143SKI RAFA\u0141\n\t<\/li>\n<li>\n\t\tWIATROWSKI ADRIAN\n\t<\/li>\n<li>\n\t\tWIECHCI\u0143SKI PRZEMYS\u0141AW\n\t<\/li>\n<li>\n\t\tWALCZAK DARIA\n\t<\/li>\n<\/ol>\n<p>\n\t<strong><u>IV grupa<\/u><\/strong>\n<\/p>\n<ol>\n<li>\n\t\tADAMEK ALEKSANDRA\n\t<\/li>\n<li>\n\t\tBALCERZAK OLIWIA\n\t<\/li>\n<li>\n\t\t<a name=\"_GoBack\"><\/a>CZKALSKA AGNIESZAK\n\t<\/li>\n<li>\n\t\tDERDA PAULINA\n\t<\/li>\n<li>\n\t\tFIGAS EWA\n\t<\/li>\n<li>\n\t\tGO\u015aCI\u0143SKI MICHA\u0141\n\t<\/li>\n<li>\n\t\tG&Oacute;RALSKI MATEUSZ\n\t<\/li>\n<li>\n\t\tHABERMAN KATARZYNA\n\t<\/li>\n<li>\n\t\tJASI\u0143SKI GRACJAN\n\t<\/li>\n<li>\n\t\tJE\u017bAK ADRIAN\n\t<\/li>\n<li>\n\t\tKOWALSKI BARTOSZ\n\t<\/li>\n<li>\n\t\tKRUCKA IWONA\n\t<\/li>\n<li>\n\t\tLEGENZA ALEKSY\n\t<\/li>\n<li>\n\t\tNOWAKOWSKA MA\u0141GORZATA\n\t<\/li>\n<li>\n\t\tSOBIERAJ BARTOSZ\n\t<\/li>\n<li>\n\t\tSKORUPKA DOROTA\n\t<\/li>\n<li>\n\t\tSZYGENDA WERONIKA\n\t<\/li>\n<li>\n\t\tTOMALAK MARTA\n\t<\/li>\n<li>\n\t\tWAWRZYNIAK SEBASTIAN\n\t<\/li>\n<li>\n\t\tZAGAWA WERONIKA&nbsp;\n\t<\/li>\n<\/ol>\n<p style=\"margin-left:18pt;\">\n\t&nbsp;\n<\/p>\n<p style=\"margin-left: 18pt; text-align: center;\">\n\t<a href=\"http:\/\/www.sustman.pwsz.konin.edu.pl\/wp-content\/uploads\/2015\/03\/FSS.png\"><img loading=\"lazy\" decoding=\"async\" width=\"188\" height=\"112\" alt=\"FSS\" class=\"alignnone size-full wp-image-12\" src=\"http:\/\/www.sustman.pwsz.konin.edu.pl\/wp-content\/uploads\/2015\/03\/FSS.png\" style=\"width: 100px; height: 60px;\" \/><\/a>&nbsp; &nbsp; &nbsp; &nbsp; &nbsp; &nbsp; &nbsp; &nbsp; &nbsp; &nbsp; &nbsp;<a href=\"http:\/\/www.sustman.pwsz.konin.edu.pl\/wp-content\/uploads\/2015\/03\/PWSZ.png\"><img loading=\"lazy\" decoding=\"async\" width=\"175\" height=\"179\" alt=\"PWSZ\" class=\"alignnone size-full wp-image-14\" src=\"http:\/\/www.sustman.pwsz.konin.edu.pl\/wp-content\/uploads\/2015\/03\/PWSZ.png\" style=\"width: 80px; height: 82px;\" \/><\/a>&nbsp; &nbsp; &nbsp; &nbsp; &nbsp; &nbsp; &nbsp; &nbsp; &nbsp;&nbsp;<a href=\"http:\/\/www.sustman.pwsz.konin.edu.pl\/wp-content\/uploads\/2015\/03\/norway_grants.png\"><img loading=\"lazy\" decoding=\"async\" width=\"203\" height=\"136\" alt=\"norway_grants\" class=\"alignnone size-full wp-image-13\" src=\"http:\/\/www.sustman.pwsz.konin.edu.pl\/wp-content\/uploads\/2015\/03\/norway_grants.png\" style=\"width: 100px; height: 67px;\" \/><\/a>\n<\/p>\n<p align=\"center\">\n\t<strong>Projekt wsp&oacute;\u0142finansowany ze \u015brodk&oacute;w funduszy norweskich i krajowych<\/strong><\/p>\n","protected":false},"excerpt":{"rendered":"<p>GRUPY ZAJ\u0118CIOWE PROJEKT&nbsp; SUSTMAN (II EDYCJA)&nbsp; SEMESTR &nbsp;LETNI&nbsp;2015\/2016 &ndash; aktualizacja 26.02.2016 &ndash;&nbsp; &nbsp; GRUPA 1 DZIUBCZY\u0143SKA ALEKSANDRA FIC DOMINIKA&nbsp;&nbsp;&nbsp;&nbsp;&nbsp;&nbsp;&nbsp;&nbsp;&nbsp;&nbsp;&nbsp;&nbsp;&nbsp;&nbsp;&nbsp;&nbsp;&nbsp;&nbsp;&nbsp;&nbsp;&nbsp;&nbsp;&nbsp;&nbsp;&nbsp;&nbsp;&nbsp;&nbsp;&nbsp;&nbsp;&nbsp;&nbsp; GAJEWSKA MONIKA&nbsp;&nbsp;&nbsp;&nbsp;&nbsp;&nbsp;&nbsp;&nbsp;&nbsp;&nbsp;&nbsp;&nbsp;&nbsp;&nbsp;&nbsp;&nbsp;&nbsp;&nbsp;&nbsp;&nbsp; GASZA ANNA &nbsp;&nbsp;&nbsp;&nbsp;&nbsp;&nbsp;&nbsp;&nbsp;&nbsp;&nbsp;&nbsp;&nbsp;&nbsp;&nbsp;&nbsp;&nbsp;&nbsp;&nbsp;&nbsp;&nbsp;&nbsp;&nbsp;&nbsp;&nbsp;&nbsp;&nbsp;&nbsp;&nbsp;&nbsp;&nbsp;&nbsp;&nbsp;&nbsp; G&Oacute;RSKA WIKTORIA&nbsp;&nbsp;&nbsp;&nbsp;&nbsp;&nbsp;&nbsp;&nbsp;&nbsp;&nbsp;&nbsp;&nbsp;&nbsp;&nbsp;&nbsp;&nbsp;&nbsp;&nbsp;&nbsp;&nbsp;&nbsp;&nbsp; HEJNA ROBERT&nbsp;&nbsp;&nbsp;&nbsp;&nbsp;&nbsp;&nbsp;&nbsp;&nbsp;&nbsp;&nbsp;&nbsp;&nbsp;&nbsp;&nbsp;&nbsp;&nbsp;&nbsp;&nbsp;&nbsp;&nbsp;&nbsp;&nbsp;&nbsp;&nbsp;&nbsp;&nbsp;&nbsp;&nbsp;&nbsp;&nbsp; JACOLIK OLGA&nbsp;&nbsp;&nbsp;&nbsp;&nbsp;&nbsp;&nbsp;&nbsp;&nbsp;&nbsp;&nbsp;&nbsp;&nbsp;&nbsp;&nbsp;&nbsp;&nbsp;&nbsp;&nbsp;&nbsp;&nbsp;&nbsp;&nbsp;&nbsp;&nbsp;&nbsp;&nbsp;&nbsp;&nbsp;&nbsp;&nbsp;&nbsp; KAPU\u015aCI\u0143SKA WERONIKA&nbsp;&nbsp;&nbsp;&nbsp;&nbsp;&nbsp;&nbsp;&nbsp; KOZ\u0141OWSKA PATRYCJA&nbsp;&nbsp;&nbsp;&nbsp;&nbsp;&nbsp;&nbsp;&nbsp;&nbsp;&nbsp;&nbsp;&nbsp;&nbsp;&nbsp;&nbsp;&nbsp;&nbsp;&nbsp;&nbsp;&nbsp;&nbsp;&nbsp;&nbsp;&nbsp;&nbsp;&nbsp;&nbsp;&nbsp;&nbsp;&nbsp; KRZY\u017bAK MARTA&nbsp;&nbsp;&nbsp;&nbsp;&nbsp;&nbsp;&nbsp;&nbsp;&nbsp;&nbsp;&nbsp;&nbsp;&nbsp;&nbsp;&nbsp;&nbsp;&nbsp;&nbsp;&nbsp;&nbsp;&nbsp;&nbsp;&nbsp;&nbsp;&nbsp;&nbsp;&nbsp; KUJAWA DOMINIKA&nbsp;&nbsp;&nbsp;&nbsp;&nbsp;&nbsp;&nbsp;&nbsp;&nbsp;&nbsp;&nbsp;&nbsp;&nbsp;&nbsp;&nbsp;&nbsp;&nbsp;&nbsp;&nbsp;&nbsp; KUSIO\u0141EK ALICJA &hellip; <a class=\"more-link\" href=\"https:\/\/sustman.konin.edu.pl\/?page_id=388\">Czytaj dalej <span class=\"meta-nav\">&rarr;<\/span><\/a><\/p>\n","protected":false},"author":1,"featured_media":0,"parent":0,"menu_order":0,"comment_status":"closed","ping_status":"closed","template":"","meta":{"footnotes":""},"class_list":["post-388","page","type-page","status-publish","hentry"],"aioseo_notices":[],"_links":{"self":[{"href":"https:\/\/sustman.konin.edu.pl\/index.php?rest_route=\/wp\/v2\/pages\/388","targetHints":{"allow":["GET"]}}],"collection":[{"href":"https:\/\/sustman.konin.edu.pl\/index.php?rest_route=\/wp\/v2\/pages"}],"about":[{"href":"https:\/\/sustman.konin.edu.pl\/index.php?rest_route=\/wp\/v2\/types\/page"}],"author":[{"embeddable":true,"href":"https:\/\/sustman.konin.edu.pl\/index.php?rest_route=\/wp\/v2\/users\/1"}],"replies":[{"embeddable":true,"href":"https:\/\/sustman.konin.edu.pl\/index.php?rest_route=%2Fwp%2Fv2%2Fcomments&post=388"}],"version-history":[{"count":14,"href":"https:\/\/sustman.konin.edu.pl\/index.php?rest_route=\/wp\/v2\/pages\/388\/revisions"}],"predecessor-version":[{"id":722,"href":"https:\/\/sustman.konin.edu.pl\/index.php?rest_route=\/wp\/v2\/pages\/388\/revisions\/722"}],"wp:attachment":[{"href":"https:\/\/sustman.konin.edu.pl\/index.php?rest_route=%2Fwp%2Fv2%2Fmedia&parent=388"}],"curies":[{"name":"wp","href":"https:\/\/api.w.org\/{rel}","templated":true}]}}