{"id":542,"date":"2015-11-03T21:01:56","date_gmt":"2015-11-03T20:01:56","guid":{"rendered":"http:\/\/www.sustman.pwsz.konin.edu.pl\/?page_id=542"},"modified":"2015-11-03T21:03:02","modified_gmt":"2015-11-03T20:03:02","slug":"brochures","status":"publish","type":"page","link":"https:\/\/sustman.konin.edu.pl\/?page_id=542","title":{"rendered":"Brochures"},"content":{"rendered":"<p>\n\tW poni\u017cszej broszurze znajdziesz dalsze szczeg&oacute;lowe informacje o programie&nbsp;<strong>&bdquo;SUSTMAN &ndash; Przedsi\u0119biorczo\u015b\u0107, zr&oacute;wnowa\u017cony rozw&oacute;j i produkcja dla student&oacute;w PWSZ w Koninie.<\/strong>\n<\/p>\n<p>\n\t<strong><a href=\"http:\/\/www.sustman.pwsz.konin.edu.pl\/wp-content\/uploads\/2015\/03\/broszura.pdf\">Pobierz broszur\u0119&nbsp;<\/a>&nbsp;<\/strong><\/p>\n","protected":false},"excerpt":{"rendered":"<p>W poni\u017cszej broszurze znajdziesz dalsze szczeg&oacute;lowe informacje o programie&nbsp;&bdquo;SUSTMAN &ndash; Przedsi\u0119biorczo\u015b\u0107, zr&oacute;wnowa\u017cony rozw&oacute;j i produkcja dla student&oacute;w PWSZ w Koninie. Pobierz broszur\u0119&nbsp;&nbsp; &hellip; <a class=\"more-link\" href=\"https:\/\/sustman.konin.edu.pl\/?page_id=542\">Czytaj dalej <span class=\"meta-nav\">&rarr;<\/span><\/a><\/p>\n","protected":false},"author":1,"featured_media":0,"parent":0,"menu_order":0,"comment_status":"closed","ping_status":"closed","template":"","meta":{"footnotes":""},"class_list":["post-542","page","type-page","status-publish","hentry"],"aioseo_notices":[],"_links":{"self":[{"href":"https:\/\/sustman.konin.edu.pl\/index.php?rest_route=\/wp\/v2\/pages\/542","targetHints":{"allow":["GET"]}}],"collection":[{"href":"https:\/\/sustman.konin.edu.pl\/index.php?rest_route=\/wp\/v2\/pages"}],"about":[{"href":"https:\/\/sustman.konin.edu.pl\/index.php?rest_route=\/wp\/v2\/types\/page"}],"author":[{"embeddable":true,"href":"https:\/\/sustman.konin.edu.pl\/index.php?rest_route=\/wp\/v2\/users\/1"}],"replies":[{"embeddable":true,"href":"https:\/\/sustman.konin.edu.pl\/index.php?rest_route=%2Fwp%2Fv2%2Fcomments&post=542"}],"version-history":[{"count":2,"href":"https:\/\/sustman.konin.edu.pl\/index.php?rest_route=\/wp\/v2\/pages\/542\/revisions"}],"predecessor-version":[{"id":544,"href":"https:\/\/sustman.konin.edu.pl\/index.php?rest_route=\/wp\/v2\/pages\/542\/revisions\/544"}],"wp:attachment":[{"href":"https:\/\/sustman.konin.edu.pl\/index.php?rest_route=%2Fwp%2Fv2%2Fmedia&parent=542"}],"curies":[{"name":"wp","href":"https:\/\/api.w.org\/{rel}","templated":true}]}}