{"id":545,"date":"2015-11-03T21:03:46","date_gmt":"2015-11-03T20:03:46","guid":{"rendered":"http:\/\/www.sustman.pwsz.konin.edu.pl\/?page_id=545"},"modified":"2015-11-03T21:04:46","modified_gmt":"2015-11-03T20:04:46","slug":"rules-and-regulations","status":"publish","type":"page","link":"https:\/\/sustman.konin.edu.pl\/?page_id=545","title":{"rendered":"Rules and regulations"},"content":{"rendered":"<p>\n\tRegulamin projektu okre\u015bla warunki uczestnictwa w projekcie&nbsp;<strong>&bdquo;SUSTMAN &ndash; Przedsi\u0119biorczo\u015b\u0107, zr&oacute;wnowa\u017cony rozw&oacute;j i produkcja dla student&oacute;w PWSZ w Koninie&rdquo;,&nbsp;<\/strong>a&nbsp;ponadto&nbsp;kryteria i&nbsp;procedury rekrutacji uczestnik&oacute;w,&nbsp;zasady organizacji poszczeg&oacute;lnych dzia\u0142a\u0144 w ramach Projektu,&nbsp;prawa i obowi\u0105zki uczestnik&oacute;w Projektu,&nbsp;zasady komunikacji,&nbsp;bezpiecze\u0144stwo danych osobowych,&nbsp;zasady wyboru dostawc&oacute;w oraz&nbsp;program promocji. Ka\u017cdy uczestnik projektu jest zobowi\u0105zany do zapoznania si\u0119 z regulaminem.&nbsp;\n<\/p>\n<p>\n\t<u><b><a href=\"http:\/\/www.sustman.pwsz.konin.edu.pl\/wp-content\/uploads\/2015\/03\/Regulamin-projektu-SUSTMAN.pdf\">Pobierz regulamin<\/a><\/b><\/u><\/p>\n","protected":false},"excerpt":{"rendered":"<p>Regulamin projektu okre\u015bla warunki uczestnictwa w projekcie&nbsp;&bdquo;SUSTMAN &ndash; Przedsi\u0119biorczo\u015b\u0107, zr&oacute;wnowa\u017cony rozw&oacute;j i produkcja dla student&oacute;w PWSZ w Koninie&rdquo;,&nbsp;a&nbsp;ponadto&nbsp;kryteria i&nbsp;procedury rekrutacji uczestnik&oacute;w,&nbsp;zasady organizacji poszczeg&oacute;lnych dzia\u0142a\u0144 w ramach Projektu,&nbsp;prawa i obowi\u0105zki uczestnik&oacute;w Projektu,&nbsp;zasady komunikacji,&nbsp;bezpiecze\u0144stwo danych osobowych,&nbsp;zasady wyboru dostawc&oacute;w oraz&nbsp;program promocji. Ka\u017cdy uczestnik &hellip; <a class=\"more-link\" href=\"https:\/\/sustman.konin.edu.pl\/?page_id=545\">Czytaj dalej <span class=\"meta-nav\">&rarr;<\/span><\/a><\/p>\n","protected":false},"author":1,"featured_media":0,"parent":0,"menu_order":0,"comment_status":"closed","ping_status":"closed","template":"","meta":{"footnotes":""},"class_list":["post-545","page","type-page","status-publish","hentry"],"aioseo_notices":[],"_links":{"self":[{"href":"https:\/\/sustman.konin.edu.pl\/index.php?rest_route=\/wp\/v2\/pages\/545","targetHints":{"allow":["GET"]}}],"collection":[{"href":"https:\/\/sustman.konin.edu.pl\/index.php?rest_route=\/wp\/v2\/pages"}],"about":[{"href":"https:\/\/sustman.konin.edu.pl\/index.php?rest_route=\/wp\/v2\/types\/page"}],"author":[{"embeddable":true,"href":"https:\/\/sustman.konin.edu.pl\/index.php?rest_route=\/wp\/v2\/users\/1"}],"replies":[{"embeddable":true,"href":"https:\/\/sustman.konin.edu.pl\/index.php?rest_route=%2Fwp%2Fv2%2Fcomments&post=545"}],"version-history":[{"count":1,"href":"https:\/\/sustman.konin.edu.pl\/index.php?rest_route=\/wp\/v2\/pages\/545\/revisions"}],"predecessor-version":[{"id":546,"href":"https:\/\/sustman.konin.edu.pl\/index.php?rest_route=\/wp\/v2\/pages\/545\/revisions\/546"}],"wp:attachment":[{"href":"https:\/\/sustman.konin.edu.pl\/index.php?rest_route=%2Fwp%2Fv2%2Fmedia&parent=545"}],"curies":[{"name":"wp","href":"https:\/\/api.w.org\/{rel}","templated":true}]}}