{"id":547,"date":"2015-11-03T21:06:43","date_gmt":"2015-11-03T20:06:43","guid":{"rendered":"http:\/\/www.sustman.pwsz.konin.edu.pl\/?page_id=547"},"modified":"2015-11-03T21:06:43","modified_gmt":"2015-11-03T20:06:43","slug":"syllabi","status":"publish","type":"page","link":"https:\/\/sustman.konin.edu.pl\/?page_id=547","title":{"rendered":"Syllabi"},"content":{"rendered":"<p>\n\tZaj\u0119cia w ramach projektu&nbsp;SUSTMAN zostan\u0105&nbsp;przeprowadzone zgodnie z poni\u017cszymi sylabusami. Prosimy o zapoznanie si\u0119&nbsp;z programem:&nbsp;&nbsp;\n<\/p>\n<ul>\n<li>\n\t\t<a href=\"http:\/\/www.sustman.pwsz.konin.edu.pl\/wp-content\/uploads\/2015\/08\/UMIEJ%C4%98TNOSCI_MI%C4%98KKIE.pdf\">Soft skills and communication<\/a>\n\t<\/li>\n<li>\n\t\t<a href=\"http:\/\/www.sustman.pwsz.konin.edu.pl\/wp-content\/uploads\/2015\/08\/zrownowazony_rozwoj.pdf\">Sustainable development, sustainable production&nbsp;and service<\/a>\n\t<\/li>\n<li>\n\t\t<a href=\"http:\/\/www.sustman.pwsz.konin.edu.pl\/wp-content\/uploads\/2015\/10\/sylabus_ECO_ENTREPRENEURSHIP.pdf\">Eco-entrepreneurship<\/a>\n\t<\/li>\n<\/ul>\n","protected":false},"excerpt":{"rendered":"<p>Zaj\u0119cia w ramach projektu&nbsp;SUSTMAN zostan\u0105&nbsp;przeprowadzone zgodnie z poni\u017cszymi sylabusami. Prosimy o zapoznanie si\u0119&nbsp;z programem:&nbsp;&nbsp; Soft skills and communication Sustainable development, sustainable production&nbsp;and service Eco-entrepreneurship &hellip; <a class=\"more-link\" href=\"https:\/\/sustman.konin.edu.pl\/?page_id=547\">Czytaj dalej <span class=\"meta-nav\">&rarr;<\/span><\/a><\/p>\n","protected":false},"author":1,"featured_media":0,"parent":0,"menu_order":0,"comment_status":"closed","ping_status":"closed","template":"","meta":{"footnotes":""},"class_list":["post-547","page","type-page","status-publish","hentry"],"aioseo_notices":[],"_links":{"self":[{"href":"https:\/\/sustman.konin.edu.pl\/index.php?rest_route=\/wp\/v2\/pages\/547","targetHints":{"allow":["GET"]}}],"collection":[{"href":"https:\/\/sustman.konin.edu.pl\/index.php?rest_route=\/wp\/v2\/pages"}],"about":[{"href":"https:\/\/sustman.konin.edu.pl\/index.php?rest_route=\/wp\/v2\/types\/page"}],"author":[{"embeddable":true,"href":"https:\/\/sustman.konin.edu.pl\/index.php?rest_route=\/wp\/v2\/users\/1"}],"replies":[{"embeddable":true,"href":"https:\/\/sustman.konin.edu.pl\/index.php?rest_route=%2Fwp%2Fv2%2Fcomments&post=547"}],"version-history":[{"count":1,"href":"https:\/\/sustman.konin.edu.pl\/index.php?rest_route=\/wp\/v2\/pages\/547\/revisions"}],"predecessor-version":[{"id":548,"href":"https:\/\/sustman.konin.edu.pl\/index.php?rest_route=\/wp\/v2\/pages\/547\/revisions\/548"}],"wp:attachment":[{"href":"https:\/\/sustman.konin.edu.pl\/index.php?rest_route=%2Fwp%2Fv2%2Fmedia&parent=547"}],"curies":[{"name":"wp","href":"https:\/\/api.w.org\/{rel}","templated":true}]}}