{"id":55,"date":"2015-03-08T10:54:14","date_gmt":"2015-03-08T09:54:14","guid":{"rendered":"http:\/\/www.sustman.pwsz.konin.edu.pl\/?page_id=55"},"modified":"2016-01-14T20:08:31","modified_gmt":"2016-01-14T19:08:31","slug":"start-2","status":"publish","type":"page","link":"https:\/\/sustman.konin.edu.pl\/?page_id=55","title":{"rendered":"Regulamin projektu"},"content":{"rendered":"<p>\n\t<span style=\"font-size:14px;\"><span style=\"font-family:arial,helvetica,sans-serif;\">Regulamin projektu okre\u015bla warunki uczestnictwa w projekcie&nbsp;<strong>&bdquo;SUSTMAN &ndash; Przedsi\u0119biorczo\u015b\u0107, zr&oacute;wnowa\u017cony rozw&oacute;j i produkcja dla student&oacute;w PWSZ w Koninie&rdquo;, <\/strong>a&nbsp;ponadto&nbsp;kryteria i&nbsp;procedury rekrutacji uczestnik&oacute;w,&nbsp;zasady organizacji poszczeg&oacute;lnych dzia\u0142a\u0144 w ramach Projektu,&nbsp;prawa i obowi\u0105zki uczestnik&oacute;w Projektu,&nbsp;zasady komunikacji,&nbsp;bezpiecze\u0144stwo danych osobowych,&nbsp;zasady wyboru dostawc&oacute;w oraz&nbsp;program promocji. Ka\u017cdy uczestnik projektu jest zobowi\u0105zany do zapoznania si\u0119 z regulaminem.&nbsp;<\/span><\/span>\n<\/p>\n<p>\n\t<u><span style=\"font-size:14px;\"><span style=\"font-family:arial,helvetica,sans-serif;\"><span style=\"line-height: 22.3999996185303px;\"><b><a href=\"http:\/\/www.sustman.pwsz.konin.edu.pl\/wp-content\/uploads\/2015\/03\/Regulamin-projektu-SUSTMAN.pdf\">Pobierz regulamin projektu&nbsp;SUSTMAN<\/a><\/b><\/span><\/span><\/span><\/u>\n<\/p>\n<p>\n\t&nbsp;\n<\/p>\n<p>\n\t&nbsp;\n<\/p>\n<p>\n\t&nbsp;\n<\/p>\n<p>\n\t&nbsp;\n<\/p>\n<p>\n\t&nbsp;\n<\/p>\n<p>\n\t&nbsp;\n<\/p>\n<p>\n\t&nbsp;\n<\/p>\n<p>\n\t&nbsp;\n<\/p>\n<p>\n\t&nbsp;\n<\/p>\n<p>\n\t&nbsp;\n<\/p>\n<p>\n\t&nbsp;\n<\/p>\n<p>\n\t&nbsp;\n<\/p>\n<p>\n\t&nbsp;\n<\/p>\n<p>\n\t&nbsp;\n<\/p>\n<p>\n\t&nbsp;\n<\/p>\n<p>\n\t&nbsp;<\/p>\n","protected":false},"excerpt":{"rendered":"<p>Regulamin projektu okre\u015bla warunki uczestnictwa w projekcie&nbsp;&bdquo;SUSTMAN &ndash; Przedsi\u0119biorczo\u015b\u0107, zr&oacute;wnowa\u017cony rozw&oacute;j i produkcja dla student&oacute;w PWSZ w Koninie&rdquo;, a&nbsp;ponadto&nbsp;kryteria i&nbsp;procedury rekrutacji uczestnik&oacute;w,&nbsp;zasady organizacji poszczeg&oacute;lnych dzia\u0142a\u0144 w ramach Projektu,&nbsp;prawa i obowi\u0105zki uczestnik&oacute;w Projektu,&nbsp;zasady komunikacji,&nbsp;bezpiecze\u0144stwo danych osobowych,&nbsp;zasady wyboru dostawc&oacute;w oraz&nbsp;program promocji. Ka\u017cdy &hellip; <a class=\"more-link\" href=\"https:\/\/sustman.konin.edu.pl\/?page_id=55\">Czytaj dalej <span class=\"meta-nav\">&rarr;<\/span><\/a><\/p>\n","protected":false},"author":1,"featured_media":0,"parent":0,"menu_order":0,"comment_status":"closed","ping_status":"closed","template":"","meta":{"footnotes":""},"class_list":["post-55","page","type-page","status-publish","hentry"],"aioseo_notices":[],"_links":{"self":[{"href":"https:\/\/sustman.konin.edu.pl\/index.php?rest_route=\/wp\/v2\/pages\/55","targetHints":{"allow":["GET"]}}],"collection":[{"href":"https:\/\/sustman.konin.edu.pl\/index.php?rest_route=\/wp\/v2\/pages"}],"about":[{"href":"https:\/\/sustman.konin.edu.pl\/index.php?rest_route=\/wp\/v2\/types\/page"}],"author":[{"embeddable":true,"href":"https:\/\/sustman.konin.edu.pl\/index.php?rest_route=\/wp\/v2\/users\/1"}],"replies":[{"embeddable":true,"href":"https:\/\/sustman.konin.edu.pl\/index.php?rest_route=%2Fwp%2Fv2%2Fcomments&post=55"}],"version-history":[{"count":23,"href":"https:\/\/sustman.konin.edu.pl\/index.php?rest_route=\/wp\/v2\/pages\/55\/revisions"}],"predecessor-version":[{"id":615,"href":"https:\/\/sustman.konin.edu.pl\/index.php?rest_route=\/wp\/v2\/pages\/55\/revisions\/615"}],"wp:attachment":[{"href":"https:\/\/sustman.konin.edu.pl\/index.php?rest_route=%2Fwp%2Fv2%2Fmedia&parent=55"}],"curies":[{"name":"wp","href":"https:\/\/api.w.org\/{rel}","templated":true}]}}