{"id":551,"date":"2015-11-03T21:08:55","date_gmt":"2015-11-03T20:08:55","guid":{"rendered":"http:\/\/www.sustman.pwsz.konin.edu.pl\/?page_id=551"},"modified":"2016-03-02T12:59:50","modified_gmt":"2016-03-02T11:59:50","slug":"timetable","status":"publish","type":"page","link":"https:\/\/sustman.konin.edu.pl\/?page_id=551","title":{"rendered":"Timetable"},"content":{"rendered":"<p>\n\tUczestnicy projektu proszeni s\u0105&nbsp;o ucz\u0119szczanie na zaj\u0119cia zgodnie z nast\u0119puj\u0105cym planem zaj\u0119\u0107:&nbsp;\n<\/p>\n<p>\n\t<a href=\"http:\/\/www.sustman.pwsz.konin.edu.pl\/wp-content\/uploads\/2016\/03\/plan_II.pdf\"><u><strong>Plan zaj\u0119\u0107 w semestrze letnim&nbsp;(II edycja 2015\/2016)<\/strong><\/u><\/a><\/p>\n","protected":false},"excerpt":{"rendered":"<p>Uczestnicy projektu proszeni s\u0105&nbsp;o ucz\u0119szczanie na zaj\u0119cia zgodnie z nast\u0119puj\u0105cym planem zaj\u0119\u0107:&nbsp; Plan zaj\u0119\u0107 w semestrze letnim&nbsp;(II edycja 2015\/2016) &hellip; <a class=\"more-link\" href=\"https:\/\/sustman.konin.edu.pl\/?page_id=551\">Czytaj dalej <span class=\"meta-nav\">&rarr;<\/span><\/a><\/p>\n","protected":false},"author":1,"featured_media":0,"parent":0,"menu_order":0,"comment_status":"closed","ping_status":"closed","template":"","meta":{"footnotes":""},"class_list":["post-551","page","type-page","status-publish","hentry"],"aioseo_notices":[],"_links":{"self":[{"href":"https:\/\/sustman.konin.edu.pl\/index.php?rest_route=\/wp\/v2\/pages\/551","targetHints":{"allow":["GET"]}}],"collection":[{"href":"https:\/\/sustman.konin.edu.pl\/index.php?rest_route=\/wp\/v2\/pages"}],"about":[{"href":"https:\/\/sustman.konin.edu.pl\/index.php?rest_route=\/wp\/v2\/types\/page"}],"author":[{"embeddable":true,"href":"https:\/\/sustman.konin.edu.pl\/index.php?rest_route=\/wp\/v2\/users\/1"}],"replies":[{"embeddable":true,"href":"https:\/\/sustman.konin.edu.pl\/index.php?rest_route=%2Fwp%2Fv2%2Fcomments&post=551"}],"version-history":[{"count":2,"href":"https:\/\/sustman.konin.edu.pl\/index.php?rest_route=\/wp\/v2\/pages\/551\/revisions"}],"predecessor-version":[{"id":686,"href":"https:\/\/sustman.konin.edu.pl\/index.php?rest_route=\/wp\/v2\/pages\/551\/revisions\/686"}],"wp:attachment":[{"href":"https:\/\/sustman.konin.edu.pl\/index.php?rest_route=%2Fwp%2Fv2%2Fmedia&parent=551"}],"curies":[{"name":"wp","href":"https:\/\/api.w.org\/{rel}","templated":true}]}}