{"id":581,"date":"2015-12-15T12:38:51","date_gmt":"2015-12-15T11:38:51","guid":{"rendered":"http:\/\/www.sustman.pwsz.konin.edu.pl\/?page_id=581"},"modified":"2015-12-15T13:03:47","modified_gmt":"2015-12-15T12:03:47","slug":"materialy-poseminaryjne","status":"publish","type":"page","link":"https:\/\/sustman.konin.edu.pl\/?page_id=581","title":{"rendered":"Materia\u0142y poseminaryjne"},"content":{"rendered":"<p>\n\t<span style=\"font-size:14px;\"><strong><a href=\"http:\/\/www.sustman.pwsz.konin.edu.pl\/wp-content\/uploads\/2015\/12\/Development-of-Sustainable-Business.ppt\"><span style=\"font-family:arial,helvetica,sans-serif;\">Development of Sustainable Business<\/span><\/a><\/strong><\/span><br \/>\n\t<span style=\"font-size:14px;\"><strong><a href=\"http:\/\/www.sustman.pwsz.konin.edu.pl\/wp-content\/uploads\/2015\/12\/Ethical-dilemmas-and-green-growth-strategies-.ppt\"><span style=\"font-family:arial,helvetica,sans-serif;\">Ethical dilemmas and green growth strategies&nbsp;<\/span><\/a><\/strong><\/span><br \/>\n\t<span style=\"font-size:14px;\"><strong><a href=\"http:\/\/www.sustman.pwsz.konin.edu.pl\/wp-content\/uploads\/2015\/12\/PREZENTACJA-PODR\u0118CZNIKA-pol.ppt\"><span style=\"font-family:arial,helvetica,sans-serif;\">Prezentacja podr\u0119cznika PL<\/span><\/a><\/strong><\/span><br \/>\n\t<span style=\"font-size:14px;\"><strong><span style=\"font-family:arial,helvetica,sans-serif;\"><a href=\"http:\/\/www.sustman.pwsz.konin.edu.pl\/wp-content\/uploads\/2015\/12\/PREZENTACJA-PODR\u0118CZNIKA-angl.ppt\">Prezentacja podr\u0119cznika EN<\/a><br \/>\n\t<a href=\"http:\/\/www.sustman.pwsz.konin.edu.pl\/wp-content\/uploads\/2015\/12\/Seminarium-podsumowuj\u0105ce-warsztaty.ppt\">Seminarium podsumowuj\u0105ce warsztaty<\/a>&nbsp;<\/span><\/strong><\/span><\/p>\n","protected":false},"excerpt":{"rendered":"<p>Development of Sustainable Business Ethical dilemmas and green growth strategies&nbsp; Prezentacja podr\u0119cznika PL Prezentacja podr\u0119cznika EN Seminarium podsumowuj\u0105ce warsztaty&nbsp; &hellip; <a class=\"more-link\" href=\"https:\/\/sustman.konin.edu.pl\/?page_id=581\">Czytaj dalej <span class=\"meta-nav\">&rarr;<\/span><\/a><\/p>\n","protected":false},"author":1,"featured_media":0,"parent":0,"menu_order":0,"comment_status":"closed","ping_status":"closed","template":"","meta":{"footnotes":""},"class_list":["post-581","page","type-page","status-publish","hentry"],"aioseo_notices":[],"_links":{"self":[{"href":"https:\/\/sustman.konin.edu.pl\/index.php?rest_route=\/wp\/v2\/pages\/581","targetHints":{"allow":["GET"]}}],"collection":[{"href":"https:\/\/sustman.konin.edu.pl\/index.php?rest_route=\/wp\/v2\/pages"}],"about":[{"href":"https:\/\/sustman.konin.edu.pl\/index.php?rest_route=\/wp\/v2\/types\/page"}],"author":[{"embeddable":true,"href":"https:\/\/sustman.konin.edu.pl\/index.php?rest_route=\/wp\/v2\/users\/1"}],"replies":[{"embeddable":true,"href":"https:\/\/sustman.konin.edu.pl\/index.php?rest_route=%2Fwp%2Fv2%2Fcomments&post=581"}],"version-history":[{"count":8,"href":"https:\/\/sustman.konin.edu.pl\/index.php?rest_route=\/wp\/v2\/pages\/581\/revisions"}],"predecessor-version":[{"id":595,"href":"https:\/\/sustman.konin.edu.pl\/index.php?rest_route=\/wp\/v2\/pages\/581\/revisions\/595"}],"wp:attachment":[{"href":"https:\/\/sustman.konin.edu.pl\/index.php?rest_route=%2Fwp%2Fv2%2Fmedia&parent=581"}],"curies":[{"name":"wp","href":"https:\/\/api.w.org\/{rel}","templated":true}]}}