{"id":79,"date":"2015-05-22T21:38:59","date_gmt":"2015-03-08T11:01:44","guid":{"rendered":"http:\/\/www.sustman.pwsz.konin.edu.pl\/?page_id=79"},"modified":"2020-01-08T21:15:21","modified_gmt":"2020-01-08T20:15:21","slug":"kontakt-2","status":"publish","type":"page","link":"https:\/\/sustman.konin.edu.pl\/?page_id=79","title":{"rendered":"Kontakt"},"content":{"rendered":"<p>\n\t<u>Aktualne sprawy zwi\u0105zane z projektem i zaj\u0119ciami:<\/u><br \/>\n\tmgr Dariusz Wili\u0144ski<br \/>\n\tul. Przyja\u017ani 1, pok. 117<br \/>\n\t62-510 Konin\n<\/p>\n<p>\n\tTel.: 63 249 72 58\n<\/p>\n<p>\n\te-mail: <a href=\"mailto:dariusz.wilinski@konin.edu.pl\">dariusz.wilinski@konin.edu.pl<\/a>\n<\/p>\n<p>\n\tBiuro jest czynne od poniedzia\u0142ku do pi\u0105tku w godzinach: 8.00 &ndash; 13.00.\n<\/p>\n<p>\n\t&nbsp;\n<\/p>\n<p>\n\t<u><span style=\"font-size:14px;\"><span style=\"font-family:arial,helvetica,sans-serif;\">Biuro projektu<\/span><\/span><\/u><br \/>\n\t<span style=\"font-size:14px;\"><span style=\"font-family:arial,helvetica,sans-serif;\">Pa\u0144stwowa Wy\u017csza Szko\u0142a Zawodowa<br \/>\n\tul. Przyja\u017ani 1, pok. 209<br \/>\n\t62-510 Konin<\/span><\/span>\n<\/p>\n<p>\n\t<span style=\"font-size:14px;\"><span style=\"font-family:arial,helvetica,sans-serif;\">Tel.: 63 249 72 58<br \/>\n\te-mail: <a href=\"mailto:projekty.pwsz@konin.edu.pl\">projekty.pwsz@konin.edu.pl<\/a><\/span><\/span>\n<\/p>\n<p>\n\t<span style=\"font-size:14px;\"><span style=\"font-family:arial,helvetica,sans-serif;\">Biuro jest czynne od poniedzia\u0142ku do pi\u0105tku w&nbsp;godzinach:&nbsp;7.00 &ndash; 15.00.&nbsp;<\/span><\/span>\n<\/p>\n<p>\n\t&nbsp;\n<\/p>\n<p>\n\t&nbsp;\n<\/p>\n<p>\n\t&nbsp;\n<\/p>\n<p>\n\t&nbsp;\n<\/p>\n<p>\n\t&nbsp;\n<\/p>\n<p>\n\t&nbsp;\n<\/p>\n<p>\n\t&nbsp;\n<\/p>\n<p>\n\t&nbsp;\n<\/p>\n<p>\n\t&nbsp;\n<\/p>\n<p>\n\t&nbsp;\n<\/p>\n<p>\n\t&nbsp;\n<\/p>\n<p>\n\t&nbsp;\n<\/p>\n<p>\n\t&nbsp;<\/p>\n","protected":false},"excerpt":{"rendered":"<p>Aktualne sprawy zwi\u0105zane z projektem i zaj\u0119ciami: mgr Dariusz Wili\u0144ski ul. Przyja\u017ani 1, pok. 117 62-510 Konin Tel.: 63 249 72 58 e-mail: dariusz.wilinski@konin.edu.pl Biuro jest czynne od poniedzia\u0142ku do pi\u0105tku w godzinach: 8.00 &ndash; 13.00. &nbsp; Biuro projektu Pa\u0144stwowa &hellip; <a class=\"more-link\" href=\"https:\/\/sustman.konin.edu.pl\/?page_id=79\">Czytaj dalej <span class=\"meta-nav\">&rarr;<\/span><\/a><\/p>\n","protected":false},"author":1,"featured_media":0,"parent":0,"menu_order":0,"comment_status":"closed","ping_status":"closed","template":"","meta":{"footnotes":""},"class_list":["post-79","page","type-page","status-publish","hentry"],"aioseo_notices":[],"_links":{"self":[{"href":"https:\/\/sustman.konin.edu.pl\/index.php?rest_route=\/wp\/v2\/pages\/79","targetHints":{"allow":["GET"]}}],"collection":[{"href":"https:\/\/sustman.konin.edu.pl\/index.php?rest_route=\/wp\/v2\/pages"}],"about":[{"href":"https:\/\/sustman.konin.edu.pl\/index.php?rest_route=\/wp\/v2\/types\/page"}],"author":[{"embeddable":true,"href":"https:\/\/sustman.konin.edu.pl\/index.php?rest_route=\/wp\/v2\/users\/1"}],"replies":[{"embeddable":true,"href":"https:\/\/sustman.konin.edu.pl\/index.php?rest_route=%2Fwp%2Fv2%2Fcomments&post=79"}],"version-history":[{"count":11,"href":"https:\/\/sustman.konin.edu.pl\/index.php?rest_route=\/wp\/v2\/pages\/79\/revisions"}],"predecessor-version":[{"id":839,"href":"https:\/\/sustman.konin.edu.pl\/index.php?rest_route=\/wp\/v2\/pages\/79\/revisions\/839"}],"wp:attachment":[{"href":"https:\/\/sustman.konin.edu.pl\/index.php?rest_route=%2Fwp%2Fv2%2Fmedia&parent=79"}],"curies":[{"name":"wp","href":"https:\/\/api.w.org\/{rel}","templated":true}]}}