{"id":811,"date":"2017-04-20T13:02:33","date_gmt":"2017-04-20T11:02:33","guid":{"rendered":"http:\/\/www.sustman.pwsz.konin.edu.pl\/?page_id=811"},"modified":"2017-04-20T13:14:55","modified_gmt":"2017-04-20T11:14:55","slug":"podreczniki","status":"publish","type":"page","link":"https:\/\/sustman.konin.edu.pl\/?page_id=811","title":{"rendered":"Podr\u0119czniki"},"content":{"rendered":"<p>\n\t<span style=\"font-size:14px;\"><span style=\"font-family:arial,helvetica,sans-serif;\">Tutaj pobierzesz podr\u0119czniki dla uczestnik&oacute;w projektu:&nbsp;<\/span><\/span>\n<\/p>\n<p>\n\t<strong>&#8211; <a href=\"http:\/\/www.sustman.pwsz.konin.edu.pl\/wp-content\/uploads\/2017\/04\/KSI\u0104ZKA-DOBRE-PRAKTYKI-PL-ENG.pdf\">DOBRE PRAKTYKI PL-ENG&nbsp;<\/a><\/strong>\n<\/p>\n<p>\n\t<strong>&#8211; <a href=\"http:\/\/www.sustman.pwsz.konin.edu.pl\/wp-content\/uploads\/2017\/04\/KSI\u0104\u017bKA-DOBRE-PRAKTYKI-OK\u0141ADKA-PL-ENG.pdf\">DOBRE PRAKTYKI OK\u0141ADKA PL-ENG<\/a><\/strong>\n<\/p>\n<p>\n\t<strong>&#8211; <a href=\"http:\/\/www.sustman.pwsz.konin.edu.pl\/wp-content\/uploads\/2017\/04\/KSI\u0104\u017bKA-MATERIA\u0141Y-DYDAKTYCZNE-PL-ENG.pdf\">MATERIA\u0141Y DYDAKTYCZNE&nbsp;<\/a><\/strong><\/p>\n","protected":false},"excerpt":{"rendered":"<p>Tutaj pobierzesz podr\u0119czniki dla uczestnik&oacute;w projektu:&nbsp; &#8211; DOBRE PRAKTYKI PL-ENG&nbsp; &#8211; DOBRE PRAKTYKI OK\u0141ADKA PL-ENG &#8211; MATERIA\u0141Y DYDAKTYCZNE&nbsp; &hellip; <a class=\"more-link\" href=\"https:\/\/sustman.konin.edu.pl\/?page_id=811\">Czytaj dalej <span class=\"meta-nav\">&rarr;<\/span><\/a><\/p>\n","protected":false},"author":1,"featured_media":0,"parent":0,"menu_order":0,"comment_status":"closed","ping_status":"closed","template":"","meta":{"footnotes":""},"class_list":["post-811","page","type-page","status-publish","hentry"],"aioseo_notices":[],"_links":{"self":[{"href":"https:\/\/sustman.konin.edu.pl\/index.php?rest_route=\/wp\/v2\/pages\/811","targetHints":{"allow":["GET"]}}],"collection":[{"href":"https:\/\/sustman.konin.edu.pl\/index.php?rest_route=\/wp\/v2\/pages"}],"about":[{"href":"https:\/\/sustman.konin.edu.pl\/index.php?rest_route=\/wp\/v2\/types\/page"}],"author":[{"embeddable":true,"href":"https:\/\/sustman.konin.edu.pl\/index.php?rest_route=\/wp\/v2\/users\/1"}],"replies":[{"embeddable":true,"href":"https:\/\/sustman.konin.edu.pl\/index.php?rest_route=%2Fwp%2Fv2%2Fcomments&post=811"}],"version-history":[{"count":2,"href":"https:\/\/sustman.konin.edu.pl\/index.php?rest_route=\/wp\/v2\/pages\/811\/revisions"}],"predecessor-version":[{"id":819,"href":"https:\/\/sustman.konin.edu.pl\/index.php?rest_route=\/wp\/v2\/pages\/811\/revisions\/819"}],"wp:attachment":[{"href":"https:\/\/sustman.konin.edu.pl\/index.php?rest_route=%2Fwp%2Fv2%2Fmedia&parent=811"}],"curies":[{"name":"wp","href":"https:\/\/api.w.org\/{rel}","templated":true}]}}